{"id":987501167,"date":"2024-07-17T13:01:31","date_gmt":"2024-07-17T13:01:31","guid":{"rendered":"https:\/\/privatechef-tenerife.com\/preise-haeufig-gestellte-fragen\/"},"modified":"2026-03-06T12:27:50","modified_gmt":"2026-03-06T12:27:50","slug":"preise-haeufig-gestellte-fragen","status":"publish","type":"page","link":"https:\/\/privatechef-tenerife.com\/de\/preise-haeufig-gestellte-fragen\/","title":{"rendered":"Preise &amp; H\u00e4ufig gestellte Fragen"},"content":{"rendered":"<p>[et_pb_section fb_built=&#8220;1&#8243; _builder_version=&#8220;4.26.1&#8243; _module_preset=&#8220;default&#8220; background_color=&#8220;#ddc1be&#8220; da_disable_devices=&#8220;off|off|off&#8220; global_colors_info=&#8220;{}&#8220; da_is_popup=&#8220;off&#8220; da_exit_intent=&#8220;off&#8220; da_has_close=&#8220;on&#8220; da_alt_close=&#8220;off&#8220; da_dark_close=&#8220;off&#8220; da_not_modal=&#8220;on&#8220; da_is_singular=&#8220;off&#8220; da_with_loader=&#8220;off&#8220; da_has_shadow=&#8220;on&#8220;][et_pb_row _builder_version=&#8220;4.26.1&#8243; _module_preset=&#8220;default&#8220; global_colors_info=&#8220;{}&#8220;][et_pb_column type=&#8220;4_4&#8243; _builder_version=&#8220;4.26.1&#8243; _module_preset=&#8220;default&#8220; global_colors_info=&#8220;{}&#8220;][et_pb_text _builder_version=&#8220;4.26.1&#8243; header_font=&#8220;||||||||&#8220; header_text_color=&#8220;#FFFFFF&#8220; header_font_size=&#8220;70px&#8220; header_line_height=&#8220;1.2em&#8220; text_orientation=&#8220;center&#8220; custom_padding_phone=&#8220;50px||||false|false&#8220; custom_padding_last_edited=&#8220;off|desktop&#8220; header_font_size_tablet=&#8220;60px&#8220; header_font_size_phone=&#8220;40px&#8220; header_font_size_last_edited=&#8220;on|phone&#8220; locked=&#8220;off&#8220; global_colors_info=&#8220;{}&#8220;]<\/p>\n<h1>Preisinformationen Privatk\u00f6chin Teneriffa<\/h1>\n<p>[\/et_pb_text][\/et_pb_column][\/et_pb_row][\/et_pb_section][et_pb_section fb_built=&#8220;1&#8243; admin_label=&#8220;Header&#8220; _builder_version=&#8220;4.26.1&#8243; _module_preset=&#8220;default&#8220; custom_padding=&#8220;||0px||false|false&#8220; da_disable_devices=&#8220;off|off|off&#8220; locked=&#8220;off&#8220; global_colors_info=&#8220;{}&#8220; da_is_popup=&#8220;off&#8220; da_exit_intent=&#8220;off&#8220; da_has_close=&#8220;on&#8220; da_alt_close=&#8220;off&#8220; da_dark_close=&#8220;off&#8220; da_not_modal=&#8220;on&#8220; da_is_singular=&#8220;off&#8220; da_with_loader=&#8220;off&#8220; da_has_shadow=&#8220;on&#8220;][et_pb_row _builder_version=&#8220;4.16&#8243; _module_preset=&#8220;default&#8220; global_colors_info=&#8220;{}&#8220;][et_pb_column type=&#8220;4_4&#8243; _builder_version=&#8220;4.16&#8243; _module_preset=&#8220;default&#8220; custom_padding_tablet=&#8220;30px|30px|30px|30px|true|true&#8220; custom_padding_last_edited=&#8220;off|desktop&#8220; global_colors_info=&#8220;{}&#8220;][et_pb_text _builder_version=&#8220;4.26.1&#8243; _module_preset=&#8220;default&#8220; header_2_font_size=&#8220;35px&#8220; animation_style=&#8220;fade&#8220; animation_duration=&#8220;2000ms&#8220; animation_delay=&#8220;500ms&#8220; global_colors_info=&#8220;{}&#8220;]<\/p>\n<h2>Beschreibung<\/h2>\n<p>[\/et_pb_text][et_pb_text _builder_version=&#8220;4.26.1&#8243; _module_preset=&#8220;default&#8220; animation_style=&#8220;fade&#8220; animation_duration=&#8220;2000ms&#8220; animation_delay=&#8220;500ms&#8220; global_colors_info=&#8220;{}&#8220;]<\/p>\n<p>Sei es ein Candle-Light-Dinner zu zweit, ein Abend mit Freunden, eine Familienfeier oder Sie wollen Sich im Urlaub einfach mal verw\u00f6hnen lassen, ich bin Ihre pers\u00f6nliche K\u00f6chin! Ich koche bei Ihnen auf der Finca, in der Ferienunterkunft oder bei Ihnen zu Hause und bringe den guten Geschmack in Ihr Domizil! Wie bei einem Restaurantbesuch m\u00fcssen Sie sich dabei um Nichts k\u00fcmmern.  <\/p>\n<p>Ich biete Ihnen ein individuelles 3-6 G\u00e4nge Men\u00fc ganz nach Ihren W\u00fcnschen. Jedes Men\u00fc startet mit selbstgebackenem Brot und Dips. Ich \u00fcbernehme den Einkauf (bei Bedarf k\u00fcmmere ich mich auch um die Weinauswahl), decke den Tisch, bediene die G\u00e4ste und nach dem Essen r\u00e4ume ich Ihre K\u00fcche selbstverst\u00e4ndlich wieder auf.  <\/p>\n<p>[\/et_pb_text][et_pb_text _builder_version=&#8220;4.26.1&#8243; _module_preset=&#8220;default&#8220; header_2_font_size=&#8220;35px&#8220; animation_style=&#8220;fade&#8220; animation_duration=&#8220;2000ms&#8220; animation_delay=&#8220;750ms&#8220; global_colors_info=&#8220;{}&#8220;]<\/p>\n<h2>Preisberechnung<\/h2>\n<p>[\/et_pb_text][et_pb_text _builder_version=&#8220;4.26.1&#8243; _module_preset=&#8220;default&#8220; animation_style=&#8220;fade&#8220; animation_duration=&#8220;2000ms&#8220; animation_delay=&#8220;750ms&#8220; global_colors_info=&#8220;{}&#8220;]<\/p>\n<p><strong>** Mindestumsatz **<\/strong><\/p>\n<p>Das Kostspieligste ist meine Arbeitszeit. Sie umfasst (unabh\u00e4ngig von der Personenzahl) 16 &#8211; 22 Std. Ich ber\u00fccksichtige dabei meine B\u00fcro-, Einkaufs-, Vorbereitungs- und Nachbereitungszeit. Da ich zu 100% selbst\u00e4ndig arbeite, muss ich nat\u00fcrlich meine Sozialabgaben, Versicherungen, Steuern und R\u00fccklagen in diesen Kosten mit einplanen.   <\/p>\n<p><strong>** Lebensmittelkosten **<\/strong><\/p>\n<p>Die Produkte, die ich verarbeite, beziehe ich bevorzugt von regionalen Produzenten. Ich achte dabei sehr auf Qualit\u00e4t. Dadurch komme ich auf Auslagen von ca. 26 bis 32 \u20ac pro Person. Meine vielseitige Men\u00fcauswahl l\u00e4sst nur eine Mischkalkulation zu, darum biete ich einen einheitlichen Men\u00fcpreis pro Gast an.  <\/p>\n<p><strong>** Fahrtkosten **<\/strong><\/p>\n<p>Mein Einzugsbereich als Privatk\u00f6chin auf Teneriffa sind Fincas und H\u00e4user im S\u00fcden von Teneriffa. Fahrten im Umkreis von 20km von Valle San Lorenzo, Arona sind im Preis mit inbegriffen. Bei Anfragen, die weiter entfernt liegen, berechne ich eine Kilometerpauschale von 0,27\u20ac pro zus\u00e4tzlichen Kilometer.   <\/p>\n<p>[\/et_pb_text][et_pb_text _builder_version=&#8220;4.26.1&#8243; _module_preset=&#8220;default&#8220; header_2_font_size=&#8220;35px&#8220; animation_style=&#8220;fade&#8220; animation_duration=&#8220;2000ms&#8220; animation_delay=&#8220;500ms&#8220; global_colors_info=&#8220;{}&#8220;]<\/p>\n<h2>Konditionen<\/h2>\n<p>[\/et_pb_text][et_pb_text _builder_version=&#8220;4.27.2&#8243; _module_preset=&#8220;default&#8220; animation_style=&#8220;fade&#8220; animation_duration=&#8220;2000ms&#8220; animation_delay=&#8220;500ms&#8220; global_colors_info=&#8220;{}&#8220;]<\/p>\n<p><strong>** Candle Light Dinner f\u00fcr 2 Personen: **<\/strong><\/p>\n<p>3.5 G\u00e4nge Men\u00fc \u2013 \u20ac200.00<\/p>\n<p><strong>** Privatkoch- Men\u00fc f\u00fcr Gruppen ab 4 Personen: **<\/strong><\/p>\n<p>3.5 G\u00e4nge Men\u00fc \u2013 \u20ac69.00 pro Person<\/p>\n<p>&nbsp;<\/p>\n<p><strong>** Getr\u00e4nke-Service: **<\/strong><\/p>\n<p>Welcome cocktail &#8211; \u20ac8,50 pro person<\/p>\n<p>Rotwein- Protos, Ribera del Duero &#8211; \u20ac19,00 pro Flasche<\/p>\n<p>Weisswein- Jose Pariente, Rueda &#8211; \u20ac20,00 pro Flasche<\/p>\n<p>&nbsp;<\/p>\n<p><strong>** Geschirr- Service: **<\/strong><\/p>\n<p>Teller &amp; Besteck &#8211; \u20ac5,00 pro Person<strong><\/strong><\/p>\n<p> Wasser &#8211; &amp; Weingl\u00e4ser &#8211; \u20ac3,00 pro Person<\/p>\n<p><strong><\/strong><\/p>\n<p>&nbsp;<\/p>\n<p>&nbsp;<\/p>\n<p>&nbsp;<\/p>\n<p>&nbsp;<\/p>\n<p>[\/et_pb_text][et_pb_text _builder_version=&#8220;4.26.1&#8243; _module_preset=&#8220;default&#8220; animation_style=&#8220;fade&#8220; animation_duration=&#8220;2000ms&#8220; animation_delay=&#8220;750ms&#8220; global_colors_info=&#8220;{}&#8220;]<\/p>\n<p>Sie haben besondere W\u00fcnsche f\u00fcr Ihren Wein oder Ihr Men\u00fc? Sie m\u00f6chten mehr als 3,5 G\u00e4nge oder haben spezifische Vorstellungen? Teilen Sie mir Ihre W\u00fcnsche mit, und ich erstelle Ihnen ein ma\u00dfgeschneidertes Angebot.  <\/p>\n<p>[\/et_pb_text][\/et_pb_column][\/et_pb_row][\/et_pb_section][et_pb_section fb_built=&#8220;1&#8243; admin_label=&#8220;CTA&#8220; _builder_version=&#8220;4.26.1&#8243; _module_preset=&#8220;default&#8220; custom_padding=&#8220;0px||||false|false&#8220; da_disable_devices=&#8220;off|off|off&#8220; global_colors_info=&#8220;{}&#8220; da_is_popup=&#8220;off&#8220; da_exit_intent=&#8220;off&#8220; da_has_close=&#8220;on&#8220; da_alt_close=&#8220;off&#8220; da_dark_close=&#8220;off&#8220; da_not_modal=&#8220;on&#8220; da_is_singular=&#8220;off&#8220; da_with_loader=&#8220;off&#8220; da_has_shadow=&#8220;on&#8220;][et_pb_row _builder_version=&#8220;4.26.1&#8243; _module_preset=&#8220;default&#8220; global_colors_info=&#8220;{}&#8220;][et_pb_column type=&#8220;4_4&#8243; _builder_version=&#8220;4.26.1&#8243; _module_preset=&#8220;default&#8220; global_colors_info=&#8220;{}&#8220;][et_pb_text _builder_version=&#8220;4.27.0&#8243; header_2_font=&#8220;||||||||&#8220; header_2_font_size=&#8220;60px&#8220; header_2_line_height=&#8220;1.2em&#8220; text_orientation=&#8220;center&#8220; animation_style=&#8220;fade&#8220; animation_duration=&#8220;2000ms&#8220; animation_delay=&#8220;500ms&#8220; header_2_font_size_tablet=&#8220;40px&#8220; header_2_font_size_phone=&#8220;30px&#8220; header_2_font_size_last_edited=&#8220;on|phone&#8220; locked=&#8220;off&#8220; global_colors_info=&#8220;{}&#8220;]<\/p>\n<h2>&#8211; H\u00e4ufig gestellte Fragen zu Privatk\u00f6chin auf Teneriffa &#8211;<\/h2>\n<p>Hier finden Sie Antworten zu h\u00e4ufig gestellten Fragen zum Thema <strong>Privatkoch Service<\/strong>. Nat\u00fcrlich stehe ich Ihnen auch gerne pers\u00f6nlich zur Verf\u00fcgung, um Fragen bez\u00fcglich Ihrer Buchung oder Ihrer Anfrage zu kl\u00e4ren. <\/p>\n<h1><\/h1>\n<p>[\/et_pb_text][et_pb_accordion _builder_version=&#8220;4.27.0&#8243; _module_preset=&#8220;default&#8220; toggle_font=&#8220;&#8211;et_global_body_font||||||||&#8220; max_width=&#8220;80%&#8220; max_width_tablet=&#8220;80%&#8220; max_width_phone=&#8220;100%&#8220; max_width_last_edited=&#8220;on|phone&#8220; module_alignment=&#8220;center&#8220; custom_margin_tablet=&#8220;&#8220; custom_margin_phone=&#8220;&#8220; custom_margin_last_edited=&#8220;on|phone&#8220; animation_style=&#8220;fade&#8220; animation_duration=&#8220;2000ms&#8220; animation_delay=&#8220;750ms&#8220; global_colors_info=&#8220;{}&#8220;][et_pb_accordion_item title=&#8220;Arbeiten Sie \u00fcberall auf Teneriffa?&#8220; open=&#8220;on&#8220; _builder_version=&#8220;4.26.1&#8243; _module_preset=&#8220;default&#8220; global_colors_info=&#8220;{}&#8220;]<\/p>\n<p>Mein Einzugsbereich als Privatk\u00f6chin auf Teneriffa sind Fincas und H\u00e4user im S\u00fcden von Teneriffa. Fahrten im Umkreis von 20km von Valle San Lorenzo, Arona sind im Preis mit inbegriffen. Bei Anfragen, die weiter entfernt liegen, berechne ich eine Kilometerpauschale von 0,27\u20ac pro zus\u00e4tzlichen Kilometer.  <\/p>\n<p>[\/et_pb_accordion_item][et_pb_accordion_item title=&#8220;Wie ist der Ablauf am Tag des Dinners?&#8220; _builder_version=&#8220;4.26.1&#8243; _module_preset=&#8220;default&#8220; global_colors_info=&#8220;{}&#8220; open=&#8220;off&#8220;]<\/p>\n<p>Am Tag der Veranstaltung erscheinen wir zum abgesprochenen Zeitpunkt p\u00fcnktlich. Im Regelfall circa 2 Stunde vor dem Start des Men\u00fcs. Dies h\u00e4ngt von dem Umfang des Men\u00fcs und der Personenanzahl ab. T\u00f6pfe, Pfanne und sonstiges K\u00fcchen-Equipment bringen wir zum Einsatz mit. Auch Geschirr und Dekoration kann von uns, nach Absprache, mitgebracht werden Wir ben\u00f6tigen nur einen Herd, einen Backofen sowie etwas Platz im K\u00fchlschrank. Nach Fertigstellung des Men\u00fcs reinigen wir unseren Arbeitsbereich und die verwendeten Ger\u00e4te.     <\/p>\n<p>[\/et_pb_accordion_item][et_pb_accordion_item title=&#8220;M\u00fcssen wir als Kunden vor Ort sein, w\u00e4hrend Sie vorbereiten?&#8220; _builder_version=&#8220;4.26.1&#8243; _module_preset=&#8220;default&#8220; global_colors_info=&#8220;{}&#8220; open=&#8220;off&#8220;]<\/p>\n<p>W\u00e4hrend ich die Vorbereitungen f\u00fcr Ihr Essen in Ihrer K\u00fcche mache, m\u00fcssen Sie nicht dabei sein. Sollte ich Fragen haben, kl\u00e4ren wir diese im ersten Moment, wenn Sie mich empfangen und mir die K\u00fcche zeigen. Dies kann selbstverst\u00e4ndlich auch ein Hausangestellter oder Vertrauter von Ihnen sein. Ein rechtzeitiger (nach Absprache) Zugang zu Ihrer K\u00fcche ist allerdings notwendig, um die besprochene Essenszeit einhalten zu k\u00f6nnen.   <\/p>\n<p>[\/et_pb_accordion_item][et_pb_accordion_item title=&#8220;Es sind Vegetarier, Menschen mit Allergien oder Unvertr\u00e4glichkeiten unter den G\u00e4sten. K\u00f6nnen Sie darauf eingehen? &#8220; _builder_version=&#8220;4.26.1&#8243; _module_preset=&#8220;default&#8220; global_colors_info=&#8220;{}&#8220; open=&#8220;off&#8220;]<\/p>\n<p>Selbstverst\u00e4ndlich! Wir besprechen Ihr Men\u00fc individuell und Ihre W\u00fcnsche und Bed\u00fcrfnisse werden nat\u00fcrlich ber\u00fccksichtigt. Bitte lassen Sie mich bereits bei Ihrer Anfrage wissen, welche Einschr\u00e4nkungen Sie ber\u00fccksichtig werden sollen  <\/p>\n<p>[\/et_pb_accordion_item][et_pb_accordion_item title=&#8220;Kochen Sie ausschlie\u00dflich 3,5 G\u00e4nge Men\u00fcs?&#8220; _builder_version=&#8220;4.26.1&#8243; _module_preset=&#8220;default&#8220; global_colors_info=&#8220;{}&#8220; open=&#8220;off&#8220;]<\/p>\n<p>Nein, ich gehe gerne auf Ihre W\u00fcnsche und Bed\u00fcrfnisse ein. Egal ob Sie sich mehr G\u00e4nge, einen reichhaltigen Brunch, einen Tapasabend, ein Tischbuffet oder ein einfaches Mittagessen w\u00fcnschen, sprechen Sie mich an, und wir kreieren gemeinsam das perfekte kulinarische Erlebnis f\u00fcr Sie. <\/p>\n<p>[\/et_pb_accordion_item][et_pb_accordion_item title=&#8220;F\u00fcr wie viele Personen kochen Sie?&#8220; _builder_version=&#8220;4.26.1&#8243; _module_preset=&#8220;default&#8220; global_colors_info=&#8220;{}&#8220; open=&#8220;off&#8220;]<\/p>\n<p>Ich koche f\u00fcr bis 15 Personen. Bei Anfragen f\u00fcr Gruppen mit mehr als 15 Personen pr\u00fcfe ich von Fall zu Fall, ob es mir m\u00f6glich ist den Auftrag anzunehmen. Dies h\u00e4ngt n\u00e4mlich von den Anforderungen und dem Profil des Events ab, von den Men\u00fc W\u00fcnschen und den Gegebenheiten vor Ort.  <\/p>\n<p>[\/et_pb_accordion_item][et_pb_accordion_item title=&#8220;Was ben\u00f6tigen Sie f\u00fcr eine feste Buchung?&#8220; _builder_version=&#8220;4.26.1&#8243; _module_preset=&#8220;default&#8220; global_colors_info=&#8220;{}&#8220; open=&#8220;off&#8220;]<\/p>\n<p>Nach den ersten Absprachen bitte ich um eine Anzahlung von 20% zur Best\u00e4tigung Ihrer Buchung. Nach Zahlungseingang erhalten Sie die Best\u00e4tigung meinerseits und Ihr Termin wird verbindlich reserviert. <\/p>\n<p>[\/et_pb_accordion_item][et_pb_accordion_item title=&#8220;Was passiert im Falle einer Stornierung von Seiten der Kunden?&#8220; _builder_version=&#8220;4.26.1&#8243; _module_preset=&#8220;default&#8220; global_colors_info=&#8220;{}&#8220; open=&#8220;off&#8220;]<\/p>\n<p>Wir hoffen nicht, dass jemand einen Grund hat einen Auftrag zu stornieren! Sollte es doch einmal der Fall sein: bei Stonierungen von mehr als 5 Tagen verfallen die 20% Anzahlung. Bei weniger als 5 Tagen werden 50% Stornogeb\u00fchren f\u00e4llig.  <\/p>\n<p>[\/et_pb_accordion_item][et_pb_accordion_item title=&#8220;Welche Zahlungsmethoden werden akzeptiert?&#8220; _builder_version=&#8220;4.26.1&#8243; _module_preset=&#8220;default&#8220; global_colors_info=&#8220;{}&#8220; open=&#8220;off&#8220;]<\/p>\n<p>Wir bitten Sie die Anzahlung per Bank\u00fcberweisung oder Bizum zu \u00fcberweisen. Die Restzahlung erfolgt nach dem Dinner in bar oder vorab per \u00dcberweisung. <\/p>\n<p>[\/et_pb_accordion_item][\/et_pb_accordion][\/et_pb_column][\/et_pb_row][\/et_pb_section]<\/p>\n","protected":false},"excerpt":{"rendered":"<p>Preisinformationen Privatk\u00f6chin TeneriffaBeschreibungSei es ein Candle-Light-Dinner zu zweit, ein Abend mit Freunden, eine Familienfeier oder Sie wollen Sich im Urlaub einfach mal verw\u00f6hnen lassen, ich bin Ihre pers\u00f6nliche K\u00f6chin! Ich koche bei Ihnen auf der Finca, in der Ferienunterkunft oder bei Ihnen zu Hause und bringe den guten Geschmack in Ihr Domizil! Wie bei einem [&hellip;]<\/p>\n","protected":false},"author":2,"featured_media":0,"parent":0,"menu_order":0,"comment_status":"closed","ping_status":"closed","template":"","meta":{"_et_pb_use_builder":"on","_et_pb_old_content":"","_et_gb_content_width":"","footnotes":""},"class_list":["post-987501167","page","type-page","status-publish","hentry"],"yoast_head":"<!-- This site is optimized with the Yoast SEO plugin v27.4 - https:\/\/yoast.com\/product\/yoast-seo-wordpress\/ -->\n<title>Preise &amp; H\u00e4ufig gestellte Fragen - Private Chef Tenerife<\/title>\n<meta name=\"robots\" content=\"index, follow, max-snippet:-1, max-image-preview:large, max-video-preview:-1\" \/>\n<link rel=\"canonical\" href=\"https:\/\/privatechef-tenerife.com\/de\/preise-haeufig-gestellte-fragen\/\" \/>\n<meta property=\"og:locale\" content=\"de_DE\" \/>\n<meta property=\"og:type\" content=\"article\" \/>\n<meta property=\"og:title\" content=\"Preise &amp; H\u00e4ufig gestellte Fragen - Private Chef Tenerife\" \/>\n<meta property=\"og:description\" content=\"Preisinformationen Privatk\u00f6chin TeneriffaBeschreibungSei es ein Candle-Light-Dinner zu zweit, ein Abend mit Freunden, eine Familienfeier oder Sie wollen Sich im Urlaub einfach mal verw\u00f6hnen lassen, ich bin Ihre pers\u00f6nliche K\u00f6chin! Ich koche bei Ihnen auf der Finca, in der Ferienunterkunft oder bei Ihnen zu Hause und bringe den guten Geschmack in Ihr Domizil! Wie bei einem [&hellip;]\" \/>\n<meta property=\"og:url\" content=\"https:\/\/privatechef-tenerife.com\/de\/preise-haeufig-gestellte-fragen\/\" \/>\n<meta property=\"og:site_name\" content=\"Private Chef Tenerife\" \/>\n<meta property=\"article:publisher\" content=\"https:\/\/www.facebook.com\/profile.php?id=61556458166663\" \/>\n<meta property=\"article:modified_time\" content=\"2026-03-06T12:27:50+00:00\" \/>\n<meta name=\"twitter:card\" content=\"summary_large_image\" \/>\n<meta name=\"twitter:label1\" content=\"Gesch\u00e4tzte Lesezeit\" \/>\n\t<meta name=\"twitter:data1\" content=\"9\u00a0Minuten\" \/>\n<script type=\"application\/ld+json\" class=\"yoast-schema-graph\">{\"@context\":\"https:\\\/\\\/schema.org\",\"@graph\":[{\"@type\":\"WebPage\",\"@id\":\"https:\\\/\\\/privatechef-tenerife.com\\\/de\\\/preise-haeufig-gestellte-fragen\\\/\",\"url\":\"https:\\\/\\\/privatechef-tenerife.com\\\/de\\\/preise-haeufig-gestellte-fragen\\\/\",\"name\":\"Preise &amp; H\u00e4ufig gestellte Fragen - Private Chef Tenerife\",\"isPartOf\":{\"@id\":\"https:\\\/\\\/privatechef-tenerife.com\\\/de\\\/#website\"},\"datePublished\":\"2024-07-17T13:01:31+00:00\",\"dateModified\":\"2026-03-06T12:27:50+00:00\",\"breadcrumb\":{\"@id\":\"https:\\\/\\\/privatechef-tenerife.com\\\/de\\\/preise-haeufig-gestellte-fragen\\\/#breadcrumb\"},\"inLanguage\":\"de\",\"potentialAction\":[{\"@type\":\"ReadAction\",\"target\":[\"https:\\\/\\\/privatechef-tenerife.com\\\/de\\\/preise-haeufig-gestellte-fragen\\\/\"]}]},{\"@type\":\"BreadcrumbList\",\"@id\":\"https:\\\/\\\/privatechef-tenerife.com\\\/de\\\/preise-haeufig-gestellte-fragen\\\/#breadcrumb\",\"itemListElement\":[{\"@type\":\"ListItem\",\"position\":1,\"name\":\"Home\",\"item\":\"https:\\\/\\\/privatechef-tenerife.com\\\/de\\\/\"},{\"@type\":\"ListItem\",\"position\":2,\"name\":\"Preise &amp; H\u00e4ufig gestellte Fragen\"}]},{\"@type\":\"WebSite\",\"@id\":\"https:\\\/\\\/privatechef-tenerife.com\\\/de\\\/#website\",\"url\":\"https:\\\/\\\/privatechef-tenerife.com\\\/de\\\/\",\"name\":\"Private Chef Tenerife\",\"description\":\"Meet and eat events in Tenerife\",\"publisher\":{\"@id\":\"https:\\\/\\\/privatechef-tenerife.com\\\/de\\\/#organization\"},\"potentialAction\":[{\"@type\":\"SearchAction\",\"target\":{\"@type\":\"EntryPoint\",\"urlTemplate\":\"https:\\\/\\\/privatechef-tenerife.com\\\/de\\\/?s={search_term_string}\"},\"query-input\":{\"@type\":\"PropertyValueSpecification\",\"valueRequired\":true,\"valueName\":\"search_term_string\"}}],\"inLanguage\":\"de\"},{\"@type\":\"Organization\",\"@id\":\"https:\\\/\\\/privatechef-tenerife.com\\\/de\\\/#organization\",\"name\":\"Private Chef Tenerife\",\"url\":\"https:\\\/\\\/privatechef-tenerife.com\\\/de\\\/\",\"logo\":{\"@type\":\"ImageObject\",\"inLanguage\":\"de\",\"@id\":\"https:\\\/\\\/privatechef-tenerife.com\\\/de\\\/#\\\/schema\\\/logo\\\/image\\\/\",\"url\":\"https:\\\/\\\/privatechef-tenerife.com\\\/wp-content\\\/uploads\\\/2024\\\/07\\\/Logo.png\",\"contentUrl\":\"https:\\\/\\\/privatechef-tenerife.com\\\/wp-content\\\/uploads\\\/2024\\\/07\\\/Logo.png\",\"width\":800,\"height\":501,\"caption\":\"Private Chef Tenerife\"},\"image\":{\"@id\":\"https:\\\/\\\/privatechef-tenerife.com\\\/de\\\/#\\\/schema\\\/logo\\\/image\\\/\"},\"sameAs\":[\"https:\\\/\\\/www.facebook.com\\\/profile.php?id=61556458166663\",\"https:\\\/\\\/www.instagram.com\\\/privatechef_tenerife?igsh=d2FpbWY1cTJ5cGYz\"]}]}<\/script>\n<!-- \/ Yoast SEO plugin. -->","yoast_head_json":{"title":"Preise &amp; H\u00e4ufig gestellte Fragen - Private Chef Tenerife","robots":{"index":"index","follow":"follow","max-snippet":"max-snippet:-1","max-image-preview":"max-image-preview:large","max-video-preview":"max-video-preview:-1"},"canonical":"https:\/\/privatechef-tenerife.com\/de\/preise-haeufig-gestellte-fragen\/","og_locale":"de_DE","og_type":"article","og_title":"Preise &amp; H\u00e4ufig gestellte Fragen - Private Chef Tenerife","og_description":"Preisinformationen Privatk\u00f6chin TeneriffaBeschreibungSei es ein Candle-Light-Dinner zu zweit, ein Abend mit Freunden, eine Familienfeier oder Sie wollen Sich im Urlaub einfach mal verw\u00f6hnen lassen, ich bin Ihre pers\u00f6nliche K\u00f6chin! Ich koche bei Ihnen auf der Finca, in der Ferienunterkunft oder bei Ihnen zu Hause und bringe den guten Geschmack in Ihr Domizil! Wie bei einem [&hellip;]","og_url":"https:\/\/privatechef-tenerife.com\/de\/preise-haeufig-gestellte-fragen\/","og_site_name":"Private Chef Tenerife","article_publisher":"https:\/\/www.facebook.com\/profile.php?id=61556458166663","article_modified_time":"2026-03-06T12:27:50+00:00","twitter_card":"summary_large_image","twitter_misc":{"Gesch\u00e4tzte Lesezeit":"9\u00a0Minuten"},"schema":{"@context":"https:\/\/schema.org","@graph":[{"@type":"WebPage","@id":"https:\/\/privatechef-tenerife.com\/de\/preise-haeufig-gestellte-fragen\/","url":"https:\/\/privatechef-tenerife.com\/de\/preise-haeufig-gestellte-fragen\/","name":"Preise &amp; H\u00e4ufig gestellte Fragen - Private Chef Tenerife","isPartOf":{"@id":"https:\/\/privatechef-tenerife.com\/de\/#website"},"datePublished":"2024-07-17T13:01:31+00:00","dateModified":"2026-03-06T12:27:50+00:00","breadcrumb":{"@id":"https:\/\/privatechef-tenerife.com\/de\/preise-haeufig-gestellte-fragen\/#breadcrumb"},"inLanguage":"de","potentialAction":[{"@type":"ReadAction","target":["https:\/\/privatechef-tenerife.com\/de\/preise-haeufig-gestellte-fragen\/"]}]},{"@type":"BreadcrumbList","@id":"https:\/\/privatechef-tenerife.com\/de\/preise-haeufig-gestellte-fragen\/#breadcrumb","itemListElement":[{"@type":"ListItem","position":1,"name":"Home","item":"https:\/\/privatechef-tenerife.com\/de\/"},{"@type":"ListItem","position":2,"name":"Preise &amp; H\u00e4ufig gestellte Fragen"}]},{"@type":"WebSite","@id":"https:\/\/privatechef-tenerife.com\/de\/#website","url":"https:\/\/privatechef-tenerife.com\/de\/","name":"Private Chef Tenerife","description":"Meet and eat events in Tenerife","publisher":{"@id":"https:\/\/privatechef-tenerife.com\/de\/#organization"},"potentialAction":[{"@type":"SearchAction","target":{"@type":"EntryPoint","urlTemplate":"https:\/\/privatechef-tenerife.com\/de\/?s={search_term_string}"},"query-input":{"@type":"PropertyValueSpecification","valueRequired":true,"valueName":"search_term_string"}}],"inLanguage":"de"},{"@type":"Organization","@id":"https:\/\/privatechef-tenerife.com\/de\/#organization","name":"Private Chef Tenerife","url":"https:\/\/privatechef-tenerife.com\/de\/","logo":{"@type":"ImageObject","inLanguage":"de","@id":"https:\/\/privatechef-tenerife.com\/de\/#\/schema\/logo\/image\/","url":"https:\/\/privatechef-tenerife.com\/wp-content\/uploads\/2024\/07\/Logo.png","contentUrl":"https:\/\/privatechef-tenerife.com\/wp-content\/uploads\/2024\/07\/Logo.png","width":800,"height":501,"caption":"Private Chef Tenerife"},"image":{"@id":"https:\/\/privatechef-tenerife.com\/de\/#\/schema\/logo\/image\/"},"sameAs":["https:\/\/www.facebook.com\/profile.php?id=61556458166663","https:\/\/www.instagram.com\/privatechef_tenerife?igsh=d2FpbWY1cTJ5cGYz"]}]}},"_links":{"self":[{"href":"https:\/\/privatechef-tenerife.com\/de\/wp-json\/wp\/v2\/pages\/987501167","targetHints":{"allow":["GET"]}}],"collection":[{"href":"https:\/\/privatechef-tenerife.com\/de\/wp-json\/wp\/v2\/pages"}],"about":[{"href":"https:\/\/privatechef-tenerife.com\/de\/wp-json\/wp\/v2\/types\/page"}],"author":[{"embeddable":true,"href":"https:\/\/privatechef-tenerife.com\/de\/wp-json\/wp\/v2\/users\/2"}],"replies":[{"embeddable":true,"href":"https:\/\/privatechef-tenerife.com\/de\/wp-json\/wp\/v2\/comments?post=987501167"}],"version-history":[{"count":16,"href":"https:\/\/privatechef-tenerife.com\/de\/wp-json\/wp\/v2\/pages\/987501167\/revisions"}],"predecessor-version":[{"id":987502238,"href":"https:\/\/privatechef-tenerife.com\/de\/wp-json\/wp\/v2\/pages\/987501167\/revisions\/987502238"}],"wp:attachment":[{"href":"https:\/\/privatechef-tenerife.com\/de\/wp-json\/wp\/v2\/media?parent=987501167"}],"curies":[{"name":"wp","href":"https:\/\/api.w.org\/{rel}","templated":true}]}}