{"id":987501021,"date":"2024-07-17T22:01:03","date_gmt":"2024-07-17T22:01:03","guid":{"rendered":"https:\/\/privatechef-tenerife.com\/?page_id=987501021"},"modified":"2024-07-18T07:57:58","modified_gmt":"2024-07-18T07:57:58","slug":"aviso-legal","status":"publish","type":"page","link":"https:\/\/privatechef-tenerife.com\/es\/aviso-legal\/","title":{"rendered":"Aviso legal"},"content":{"rendered":"<p>[et_pb_section fb_built=\u00bb1&#8243; theme_builder_area=\u00bbpost_content\u00bb _builder_version=\u00bb4.27.0&#8243; _module_preset=\u00bbdefault\u00bb da_is_popup=\u00bboff\u00bb da_exit_intent=\u00bboff\u00bb da_has_close=\u00bbon\u00bb da_alt_close=\u00bboff\u00bb da_dark_close=\u00bboff\u00bb da_not_modal=\u00bbon\u00bb da_is_singular=\u00bboff\u00bb da_with_loader=\u00bboff\u00bb da_has_shadow=\u00bbon\u00bb da_disable_devices=\u00bboff|off|off\u00bb][et_pb_row _builder_version=\u00bb4.27.0&#8243; _module_preset=\u00bbdefault\u00bb theme_builder_area=\u00bbpost_content\u00bb][et_pb_column _builder_version=\u00bb4.27.0&#8243; _module_preset=\u00bbdefault\u00bb type=\u00bb4_4&#8243; theme_builder_area=\u00bbpost_content\u00bb][et_pb_text _builder_version=\u00bb4.27.0&#8243; _module_preset=\u00bbdefault\u00bb theme_builder_area=\u00bbpost_content\u00bb hover_enabled=\u00bb0&#8243; sticky_enabled=\u00bb0&#8243; header_3_font=\u00bb&#8211;et_global_body_font||||||||\u00bb header_font=\u00bb&#8211;et_global_body_font||||||||\u00bb header_3_font_size=\u00bb20px\u00bb]<\/p>\n<h1>Aviso Legal<\/h1>\n<h3>1. Informaci\u00f3n General<\/h3>\n<p>En cumplimiento con el deber de informaci\u00f3n recogido en el art\u00edculo 10 de la Ley 34\/2002, de 11 de julio, de Servicios de la Sociedad de la Informaci\u00f3n y de Comercio Electr\u00f3nico, a continuaci\u00f3n se reflejan los siguientes datos:<\/p>\n<p>Titular: Janine H\u00fcbel<br \/>NIF: Y0633170V<br \/>Direcci\u00f3n:<br \/>TF66 \/ Cruz de Guanche 14<br \/>Edf. Alejandro, Portal B, 2C<br \/>38626 Valle San Lorenzo<br \/>Correo electr\u00f3nico: <a href=\"mailto:janine@privatechef-tenerife.com\">janine@privatechef-tenerife.com<\/a><br \/>Tel\u00e9fono: +34 676 41 80 74<\/p>\n<h3>2. Uso del Sitio Web<\/h3>\n<p>El acceso y\/o uso de este portal atribuye la condici\u00f3n de USUARIO, que acepta, desde dicho acceso y\/o uso, las Condiciones Generales de Uso aqu\u00ed reflejadas. Las citadas Condiciones ser\u00e1n de aplicaci\u00f3n independientemente de las Condiciones Generales de Contrataci\u00f3n que en su caso resulten de obligado cumplimiento.<\/p>\n<h3>3. Protecci\u00f3n de Datos<\/h3>\n<p>De conformidad con lo dispuesto en el Reglamento (UE) 2016\/679 del Parlamento Europeo y del Consejo, de 27 de abril de 2016 (GDPR), te informamos que los datos personales que nos proporciones ser\u00e1n tratados con la finalidad de gestionar tu solicitud y mantenerte informado de nuestras actividades.<\/p>\n<p>Responsable del Tratamiento: Janine H\u00fcbel<\/p>\n<p>Finalidad del Tratamiento: La gesti\u00f3n de la relaci\u00f3n con los usuarios de la p\u00e1gina web y el env\u00edo de comunicaciones comerciales.<\/p>\n<p>Legitimaci\u00f3n: Consentimiento del interesado.<\/p>\n<p>Destinatarios: No se ceder\u00e1n datos a terceros, salvo obligaci\u00f3n legal.<\/p>\n<p>Derechos: Tienes derecho a acceder, rectificar y suprimir los datos, as\u00ed como otros derechos, como se explica en la informaci\u00f3n adicional.<\/p>\n<p>Informaci\u00f3n Adicional: Puedes consultar la informaci\u00f3n adicional y detallada sobre Protecci\u00f3n de Datos en [enlace a la pol\u00edtica de privacidad].<\/p>\n<h3>4. Propiedad Intelectual e Industrial<\/h3>\n<p>Janine H\u00fcbel por s\u00ed o como cesionaria, es titular de todos los derechos de propiedad intelectual e industrial de su p\u00e1gina web, as\u00ed como de los elementos contenidos en la misma. Todos los derechos reservados.<\/p>\n<h3>5. Exclusi\u00f3n de Garant\u00edas y Responsabilidad<\/h3>\n<p>Janine H\u00fcbel no se hace responsable, en ning\u00fan caso, de los da\u00f1os y perjuicios de cualquier naturaleza que pudieran ocasionar, a t\u00edtulo enunciativo: errores u omisiones en los contenidos, falta de disponibilidad del portal o la transmisi\u00f3n de virus o programas maliciosos o lesivos en los contenidos, a pesar de haber adoptado todas las medidas tecnol\u00f3gicas necesarias para evitarlo.<\/p>\n<h3>6. Modificaciones<\/h3>\n<p>Janine H\u00fcbel se reserva el derecho de efectuar sin previo aviso las modificaciones que considere oportunas en su portal, pudiendo cambiar, suprimir o a\u00f1adir tanto los contenidos y servicios que se presten a trav\u00e9s de la misma como la forma en la que \u00e9stos aparezcan presentados o localizados en su portal.<\/p>\n<h3>7. Enlaces<\/h3>\n<p>En el caso de que en [nombre de tu sitio web] se dispusiesen enlaces o hiperv\u00ednculos hac\u00eda otros sitios de Internet, Janine H\u00fcbel no ejercer\u00e1 ning\u00fan tipo de control sobre dichos sitios y contenidos. En ning\u00fan caso Janine H\u00fcbel asumir\u00e1 responsabilidad alguna por los contenidos de alg\u00fan enlace perteneciente a un sitio web ajeno.<\/p>\n<h3>8. Derecho de Exclusi\u00f3n<\/h3>\n<p>Janine H\u00fcbel se reserva el derecho a denegar o retirar el acceso a portal y\/o los servicios ofrecidos sin necesidad de preaviso, a instancia propia o de un tercero, a aquellos usuarios que incumplan las presentes Condiciones Generales de Uso.<\/p>\n<h3>9. Generalidades<\/h3>\n<p>Janine H\u00fcbel perseguir\u00e1 el incumplimiento de las presentes condiciones as\u00ed como cualquier utilizaci\u00f3n indebida de su portal ejerciendo todas las acciones civiles y penales que le puedan corresponder en derecho.<\/p>\n<h3>10. Modificaci\u00f3n de las Presentes Condiciones y Duraci\u00f3n<\/h3>\n<p>Janine H\u00fcbel podr\u00e1 modificar en cualquier momento las condiciones aqu\u00ed determinadas, siendo debidamente publicadas como aqu\u00ed aparecen.<\/p>\n<h3>11. Legislaci\u00f3n Aplicable y Jurisdicci\u00f3n<\/h3>\n<p>La relaci\u00f3n entre Janine H\u00fcbel y el USUARIO se regir\u00e1 por la normativa espa\u00f1ola vigente y cualquier controversia se someter\u00e1 a los Juzgados y tribunales de la ciudad de [tu ciudad].<\/p>\n<p>[\/et_pb_text][\/et_pb_column][\/et_pb_row][\/et_pb_section]<\/p>\n","protected":false},"excerpt":{"rendered":"<p>Aviso Legal 1. Informaci\u00f3n General En cumplimiento con el deber de informaci\u00f3n recogido en el art\u00edculo 10 de la Ley 34\/2002, de 11 de julio, de Servicios de la Sociedad de la Informaci\u00f3n y de Comercio Electr\u00f3nico, a continuaci\u00f3n se reflejan los siguientes datos: Titular: Janine H\u00fcbelNIF: Y0633170VDirecci\u00f3n:TF66 \/ Cruz de Guanche 14Edf. Alejandro, Portal [&hellip;]<\/p>\n","protected":false},"author":2,"featured_media":0,"parent":0,"menu_order":0,"comment_status":"closed","ping_status":"closed","template":"","meta":{"_et_pb_use_builder":"on","_et_pb_old_content":"<!-- wp:divi\/placeholder \/-->","_et_gb_content_width":"","footnotes":""},"class_list":["post-987501021","page","type-page","status-publish","hentry"],"yoast_head":"<!-- This site is optimized with the Yoast SEO plugin v27.4 - https:\/\/yoast.com\/product\/yoast-seo-wordpress\/ -->\n<title>Aviso legal - Private Chef Tenerife<\/title>\n<meta name=\"robots\" content=\"index, follow, max-snippet:-1, max-image-preview:large, max-video-preview:-1\" \/>\n<link rel=\"canonical\" href=\"https:\/\/privatechef-tenerife.com\/es\/aviso-legal\/\" \/>\n<meta property=\"og:locale\" content=\"es_ES\" \/>\n<meta property=\"og:type\" content=\"article\" \/>\n<meta property=\"og:title\" content=\"Aviso legal - Private Chef Tenerife\" \/>\n<meta property=\"og:description\" content=\"Aviso Legal 1. Informaci\u00f3n General En cumplimiento con el deber de informaci\u00f3n recogido en el art\u00edculo 10 de la Ley 34\/2002, de 11 de julio, de Servicios de la Sociedad de la Informaci\u00f3n y de Comercio Electr\u00f3nico, a continuaci\u00f3n se reflejan los siguientes datos: Titular: Janine H\u00fcbelNIF: Y0633170VDirecci\u00f3n:TF66 \/ Cruz de Guanche 14Edf. Alejandro, Portal [&hellip;]\" \/>\n<meta property=\"og:url\" content=\"https:\/\/privatechef-tenerife.com\/es\/aviso-legal\/\" \/>\n<meta property=\"og:site_name\" content=\"Private Chef Tenerife\" \/>\n<meta property=\"article:publisher\" content=\"https:\/\/www.facebook.com\/profile.php?id=61556458166663\" \/>\n<meta property=\"article:modified_time\" content=\"2024-07-18T07:57:58+00:00\" \/>\n<meta name=\"twitter:card\" content=\"summary_large_image\" \/>\n<meta name=\"twitter:label1\" content=\"Tiempo de lectura\" \/>\n\t<meta name=\"twitter:data1\" content=\"4 minutos\" \/>\n<script type=\"application\/ld+json\" class=\"yoast-schema-graph\">{\"@context\":\"https:\\\/\\\/schema.org\",\"@graph\":[{\"@type\":\"WebPage\",\"@id\":\"https:\\\/\\\/privatechef-tenerife.com\\\/es\\\/aviso-legal\\\/\",\"url\":\"https:\\\/\\\/privatechef-tenerife.com\\\/es\\\/aviso-legal\\\/\",\"name\":\"Aviso legal - Private Chef Tenerife\",\"isPartOf\":{\"@id\":\"https:\\\/\\\/privatechef-tenerife.com\\\/es\\\/#website\"},\"datePublished\":\"2024-07-17T22:01:03+00:00\",\"dateModified\":\"2024-07-18T07:57:58+00:00\",\"breadcrumb\":{\"@id\":\"https:\\\/\\\/privatechef-tenerife.com\\\/es\\\/aviso-legal\\\/#breadcrumb\"},\"inLanguage\":\"es\",\"potentialAction\":[{\"@type\":\"ReadAction\",\"target\":[\"https:\\\/\\\/privatechef-tenerife.com\\\/es\\\/aviso-legal\\\/\"]}]},{\"@type\":\"BreadcrumbList\",\"@id\":\"https:\\\/\\\/privatechef-tenerife.com\\\/es\\\/aviso-legal\\\/#breadcrumb\",\"itemListElement\":[{\"@type\":\"ListItem\",\"position\":1,\"name\":\"Home\",\"item\":\"https:\\\/\\\/privatechef-tenerife.com\\\/es\\\/\"},{\"@type\":\"ListItem\",\"position\":2,\"name\":\"Aviso legal\"}]},{\"@type\":\"WebSite\",\"@id\":\"https:\\\/\\\/privatechef-tenerife.com\\\/es\\\/#website\",\"url\":\"https:\\\/\\\/privatechef-tenerife.com\\\/es\\\/\",\"name\":\"Private Chef Tenerife\",\"description\":\"Meet and eat events in Tenerife\",\"publisher\":{\"@id\":\"https:\\\/\\\/privatechef-tenerife.com\\\/es\\\/#organization\"},\"potentialAction\":[{\"@type\":\"SearchAction\",\"target\":{\"@type\":\"EntryPoint\",\"urlTemplate\":\"https:\\\/\\\/privatechef-tenerife.com\\\/es\\\/?s={search_term_string}\"},\"query-input\":{\"@type\":\"PropertyValueSpecification\",\"valueRequired\":true,\"valueName\":\"search_term_string\"}}],\"inLanguage\":\"es\"},{\"@type\":\"Organization\",\"@id\":\"https:\\\/\\\/privatechef-tenerife.com\\\/es\\\/#organization\",\"name\":\"Private Chef Tenerife\",\"url\":\"https:\\\/\\\/privatechef-tenerife.com\\\/es\\\/\",\"logo\":{\"@type\":\"ImageObject\",\"inLanguage\":\"es\",\"@id\":\"https:\\\/\\\/privatechef-tenerife.com\\\/es\\\/#\\\/schema\\\/logo\\\/image\\\/\",\"url\":\"https:\\\/\\\/privatechef-tenerife.com\\\/wp-content\\\/uploads\\\/2024\\\/07\\\/Logo.png\",\"contentUrl\":\"https:\\\/\\\/privatechef-tenerife.com\\\/wp-content\\\/uploads\\\/2024\\\/07\\\/Logo.png\",\"width\":800,\"height\":501,\"caption\":\"Private Chef Tenerife\"},\"image\":{\"@id\":\"https:\\\/\\\/privatechef-tenerife.com\\\/es\\\/#\\\/schema\\\/logo\\\/image\\\/\"},\"sameAs\":[\"https:\\\/\\\/www.facebook.com\\\/profile.php?id=61556458166663\",\"https:\\\/\\\/www.instagram.com\\\/privatechef_tenerife?igsh=d2FpbWY1cTJ5cGYz\"]}]}<\/script>\n<!-- \/ Yoast SEO plugin. -->","yoast_head_json":{"title":"Aviso legal - Private Chef Tenerife","robots":{"index":"index","follow":"follow","max-snippet":"max-snippet:-1","max-image-preview":"max-image-preview:large","max-video-preview":"max-video-preview:-1"},"canonical":"https:\/\/privatechef-tenerife.com\/es\/aviso-legal\/","og_locale":"es_ES","og_type":"article","og_title":"Aviso legal - Private Chef Tenerife","og_description":"Aviso Legal 1. Informaci\u00f3n General En cumplimiento con el deber de informaci\u00f3n recogido en el art\u00edculo 10 de la Ley 34\/2002, de 11 de julio, de Servicios de la Sociedad de la Informaci\u00f3n y de Comercio Electr\u00f3nico, a continuaci\u00f3n se reflejan los siguientes datos: Titular: Janine H\u00fcbelNIF: Y0633170VDirecci\u00f3n:TF66 \/ Cruz de Guanche 14Edf. Alejandro, Portal [&hellip;]","og_url":"https:\/\/privatechef-tenerife.com\/es\/aviso-legal\/","og_site_name":"Private Chef Tenerife","article_publisher":"https:\/\/www.facebook.com\/profile.php?id=61556458166663","article_modified_time":"2024-07-18T07:57:58+00:00","twitter_card":"summary_large_image","twitter_misc":{"Tiempo de lectura":"4 minutos"},"schema":{"@context":"https:\/\/schema.org","@graph":[{"@type":"WebPage","@id":"https:\/\/privatechef-tenerife.com\/es\/aviso-legal\/","url":"https:\/\/privatechef-tenerife.com\/es\/aviso-legal\/","name":"Aviso legal - Private Chef Tenerife","isPartOf":{"@id":"https:\/\/privatechef-tenerife.com\/es\/#website"},"datePublished":"2024-07-17T22:01:03+00:00","dateModified":"2024-07-18T07:57:58+00:00","breadcrumb":{"@id":"https:\/\/privatechef-tenerife.com\/es\/aviso-legal\/#breadcrumb"},"inLanguage":"es","potentialAction":[{"@type":"ReadAction","target":["https:\/\/privatechef-tenerife.com\/es\/aviso-legal\/"]}]},{"@type":"BreadcrumbList","@id":"https:\/\/privatechef-tenerife.com\/es\/aviso-legal\/#breadcrumb","itemListElement":[{"@type":"ListItem","position":1,"name":"Home","item":"https:\/\/privatechef-tenerife.com\/es\/"},{"@type":"ListItem","position":2,"name":"Aviso legal"}]},{"@type":"WebSite","@id":"https:\/\/privatechef-tenerife.com\/es\/#website","url":"https:\/\/privatechef-tenerife.com\/es\/","name":"Private Chef Tenerife","description":"Meet and eat events in Tenerife","publisher":{"@id":"https:\/\/privatechef-tenerife.com\/es\/#organization"},"potentialAction":[{"@type":"SearchAction","target":{"@type":"EntryPoint","urlTemplate":"https:\/\/privatechef-tenerife.com\/es\/?s={search_term_string}"},"query-input":{"@type":"PropertyValueSpecification","valueRequired":true,"valueName":"search_term_string"}}],"inLanguage":"es"},{"@type":"Organization","@id":"https:\/\/privatechef-tenerife.com\/es\/#organization","name":"Private Chef Tenerife","url":"https:\/\/privatechef-tenerife.com\/es\/","logo":{"@type":"ImageObject","inLanguage":"es","@id":"https:\/\/privatechef-tenerife.com\/es\/#\/schema\/logo\/image\/","url":"https:\/\/privatechef-tenerife.com\/wp-content\/uploads\/2024\/07\/Logo.png","contentUrl":"https:\/\/privatechef-tenerife.com\/wp-content\/uploads\/2024\/07\/Logo.png","width":800,"height":501,"caption":"Private Chef Tenerife"},"image":{"@id":"https:\/\/privatechef-tenerife.com\/es\/#\/schema\/logo\/image\/"},"sameAs":["https:\/\/www.facebook.com\/profile.php?id=61556458166663","https:\/\/www.instagram.com\/privatechef_tenerife?igsh=d2FpbWY1cTJ5cGYz"]}]}},"_links":{"self":[{"href":"https:\/\/privatechef-tenerife.com\/es\/wp-json\/wp\/v2\/pages\/987501021","targetHints":{"allow":["GET"]}}],"collection":[{"href":"https:\/\/privatechef-tenerife.com\/es\/wp-json\/wp\/v2\/pages"}],"about":[{"href":"https:\/\/privatechef-tenerife.com\/es\/wp-json\/wp\/v2\/types\/page"}],"author":[{"embeddable":true,"href":"https:\/\/privatechef-tenerife.com\/es\/wp-json\/wp\/v2\/users\/2"}],"replies":[{"embeddable":true,"href":"https:\/\/privatechef-tenerife.com\/es\/wp-json\/wp\/v2\/comments?post=987501021"}],"version-history":[{"count":3,"href":"https:\/\/privatechef-tenerife.com\/es\/wp-json\/wp\/v2\/pages\/987501021\/revisions"}],"predecessor-version":[{"id":987501034,"href":"https:\/\/privatechef-tenerife.com\/es\/wp-json\/wp\/v2\/pages\/987501021\/revisions\/987501034"}],"wp:attachment":[{"href":"https:\/\/privatechef-tenerife.com\/es\/wp-json\/wp\/v2\/media?parent=987501021"}],"curies":[{"name":"wp","href":"https:\/\/api.w.org\/{rel}","templated":true}]}}