{"id":987501135,"date":"2024-06-03T14:04:20","date_gmt":"2024-06-03T14:04:20","guid":{"rendered":"https:\/\/privatechef-tenerife.com\/reserva-de-chef-privado-en-tenerife\/"},"modified":"2025-08-14T17:58:29","modified_gmt":"2025-08-14T17:58:29","slug":"reserva-de-chef-privado-en-tenerife","status":"publish","type":"page","link":"https:\/\/privatechef-tenerife.com\/es\/reserva-de-chef-privado-en-tenerife\/","title":{"rendered":"Reserva de Chef Privado en Tenerife"},"content":{"rendered":"<p>[et_pb_section fb_built=\u00bb1&#8243; admin_label=\u00bbHeader\u00bb _builder_version=\u00bb4.26.1&#8243; _module_preset=\u00bbdefault\u00bb background_color=\u00bb#0a1435&#8243; background_enable_image=\u00bboff\u00bb custom_padding=\u00bb0px||||false|false\u00bb da_disable_devices=\u00bboff|off|off\u00bb global_colors_info=\u00bb{}\u00bb da_is_popup=\u00bboff\u00bb da_exit_intent=\u00bboff\u00bb da_has_close=\u00bbon\u00bb da_alt_close=\u00bboff\u00bb da_dark_close=\u00bboff\u00bb da_not_modal=\u00bbon\u00bb da_is_singular=\u00bboff\u00bb da_with_loader=\u00bboff\u00bb da_has_shadow=\u00bbon\u00bb][et_pb_row _builder_version=\u00bb4.16&#8243; _module_preset=\u00bbdefault\u00bb custom_padding=\u00bb||0px||false|false\u00bb global_colors_info=\u00bb{}\u00bb][et_pb_column type=\u00bb4_4&#8243; _builder_version=\u00bb4.16&#8243; _module_preset=\u00bbdefault\u00bb global_colors_info=\u00bb{}\u00bb][et_pb_text _builder_version=\u00bb4.26.1&#8243; text_line_height=\u00bb2em\u00bb header_font=\u00bb||||||||\u00bb header_font_size=\u00bb77px\u00bb header_line_height=\u00bb1.2em\u00bb header_2_font_size=\u00bb39px\u00bb background_layout=\u00bbdark\u00bb custom_padding_phone=\u00bb50px||||false|false\u00bb custom_padding_last_edited=\u00bboff|desktop\u00bb text_font_size_tablet=\u00bb\u00bb text_font_size_phone=\u00bb14px\u00bb text_font_size_last_edited=\u00bbon|phone\u00bb header_font_size_tablet=\u00bb60px\u00bb header_font_size_phone=\u00bb40px\u00bb header_font_size_last_edited=\u00bbon|phone\u00bb locked=\u00bboff\u00bb global_colors_info=\u00bb{}\u00bb]<\/p>\n<h1>Reserva tu experiencia con un chef privado<\/h1>\n<p>Gracias por tu inter\u00e9s en contratarme como tu chef privado. Para asegurarme de ofrecerte el mejor servicio posible, por favor completa el siguiente formulario con el mayor detalle posible. Tu informaci\u00f3n detallada me ayudar\u00e1 a entender tus preferencias, requisitos diet\u00e9ticos y cualquier solicitud especial que puedas tener. \u00a1Espero con entusiasmo crear una experiencia culinaria inolvidable para ti!   <\/p>\n<p>[\/et_pb_text][\/et_pb_column][\/et_pb_row][et_pb_row _builder_version=\u00bb4.26.1&#8243; _module_preset=\u00bbdefault\u00bb global_colors_info=\u00bb{}\u00bb][et_pb_column type=\u00bb4_4&#8243; _builder_version=\u00bb4.26.1&#8243; _module_preset=\u00bbdefault\u00bb global_colors_info=\u00bb{}\u00bb][wpforms_selector form_id=\u00bb987500262&#8243; show_title=\u00bboff\u00bb show_desc=\u00bboff\u00bb _builder_version=\u00bb4.27.4&#8243; _module_preset=\u00bbdefault\u00bb hover_enabled=\u00bb0&#8243; global_colors_info=\u00bb{}\u00bb sticky_enabled=\u00bb0&#8243;][\/wpforms_selector][\/et_pb_column][\/et_pb_row][\/et_pb_section]<\/p>\n","protected":false},"excerpt":{"rendered":"<p>Reserva tu experiencia con un chef privado Gracias por tu inter\u00e9s en contratarme como tu chef privado. Para asegurarme de ofrecerte el mejor servicio posible, por favor completa el siguiente formulario con el mayor detalle posible. Tu informaci\u00f3n detallada me ayudar\u00e1 a entender tus preferencias, requisitos diet\u00e9ticos y cualquier solicitud especial que puedas tener. \u00a1Espero [&hellip;]<\/p>\n","protected":false},"author":2,"featured_media":0,"parent":0,"menu_order":0,"comment_status":"closed","ping_status":"closed","template":"","meta":{"_et_pb_use_builder":"on","_et_pb_old_content":"","_et_gb_content_width":"","footnotes":""},"class_list":["post-987501135","page","type-page","status-publish","hentry"],"yoast_head":"<!-- This site is optimized with the Yoast SEO plugin v27.4 - https:\/\/yoast.com\/product\/yoast-seo-wordpress\/ -->\n<title>Reserva de Chef Privado en Tenerife - Private Chef Tenerife<\/title>\n<meta name=\"robots\" content=\"index, follow, max-snippet:-1, max-image-preview:large, max-video-preview:-1\" \/>\n<link rel=\"canonical\" href=\"https:\/\/privatechef-tenerife.com\/es\/reserva-de-chef-privado-en-tenerife\/\" \/>\n<meta property=\"og:locale\" content=\"es_ES\" \/>\n<meta property=\"og:type\" content=\"article\" \/>\n<meta property=\"og:title\" content=\"Reserva de Chef Privado en Tenerife - Private Chef Tenerife\" \/>\n<meta property=\"og:description\" content=\"Reserva tu experiencia con un chef privado Gracias por tu inter\u00e9s en contratarme como tu chef privado. Para asegurarme de ofrecerte el mejor servicio posible, por favor completa el siguiente formulario con el mayor detalle posible. Tu informaci\u00f3n detallada me ayudar\u00e1 a entender tus preferencias, requisitos diet\u00e9ticos y cualquier solicitud especial que puedas tener. \u00a1Espero [&hellip;]\" \/>\n<meta property=\"og:url\" content=\"https:\/\/privatechef-tenerife.com\/es\/reserva-de-chef-privado-en-tenerife\/\" \/>\n<meta property=\"og:site_name\" content=\"Private Chef Tenerife\" \/>\n<meta property=\"article:publisher\" content=\"https:\/\/www.facebook.com\/profile.php?id=61556458166663\" \/>\n<meta property=\"article:modified_time\" content=\"2025-08-14T17:58:29+00:00\" \/>\n<meta name=\"twitter:card\" content=\"summary_large_image\" \/>\n<meta name=\"twitter:label1\" content=\"Tiempo de lectura\" \/>\n\t<meta name=\"twitter:data1\" content=\"2 minutos\" \/>\n<script type=\"application\/ld+json\" class=\"yoast-schema-graph\">{\"@context\":\"https:\\\/\\\/schema.org\",\"@graph\":[{\"@type\":\"WebPage\",\"@id\":\"https:\\\/\\\/privatechef-tenerife.com\\\/es\\\/reserva-de-chef-privado-en-tenerife\\\/\",\"url\":\"https:\\\/\\\/privatechef-tenerife.com\\\/es\\\/reserva-de-chef-privado-en-tenerife\\\/\",\"name\":\"Reserva de Chef Privado en Tenerife - Private Chef Tenerife\",\"isPartOf\":{\"@id\":\"https:\\\/\\\/privatechef-tenerife.com\\\/es\\\/#website\"},\"datePublished\":\"2024-06-03T14:04:20+00:00\",\"dateModified\":\"2025-08-14T17:58:29+00:00\",\"breadcrumb\":{\"@id\":\"https:\\\/\\\/privatechef-tenerife.com\\\/es\\\/reserva-de-chef-privado-en-tenerife\\\/#breadcrumb\"},\"inLanguage\":\"es\",\"potentialAction\":[{\"@type\":\"ReadAction\",\"target\":[\"https:\\\/\\\/privatechef-tenerife.com\\\/es\\\/reserva-de-chef-privado-en-tenerife\\\/\"]}]},{\"@type\":\"BreadcrumbList\",\"@id\":\"https:\\\/\\\/privatechef-tenerife.com\\\/es\\\/reserva-de-chef-privado-en-tenerife\\\/#breadcrumb\",\"itemListElement\":[{\"@type\":\"ListItem\",\"position\":1,\"name\":\"Home\",\"item\":\"https:\\\/\\\/privatechef-tenerife.com\\\/es\\\/\"},{\"@type\":\"ListItem\",\"position\":2,\"name\":\"Reserva de Chef Privado en Tenerife\"}]},{\"@type\":\"WebSite\",\"@id\":\"https:\\\/\\\/privatechef-tenerife.com\\\/es\\\/#website\",\"url\":\"https:\\\/\\\/privatechef-tenerife.com\\\/es\\\/\",\"name\":\"Private Chef Tenerife\",\"description\":\"Meet and eat events in Tenerife\",\"publisher\":{\"@id\":\"https:\\\/\\\/privatechef-tenerife.com\\\/es\\\/#organization\"},\"potentialAction\":[{\"@type\":\"SearchAction\",\"target\":{\"@type\":\"EntryPoint\",\"urlTemplate\":\"https:\\\/\\\/privatechef-tenerife.com\\\/es\\\/?s={search_term_string}\"},\"query-input\":{\"@type\":\"PropertyValueSpecification\",\"valueRequired\":true,\"valueName\":\"search_term_string\"}}],\"inLanguage\":\"es\"},{\"@type\":\"Organization\",\"@id\":\"https:\\\/\\\/privatechef-tenerife.com\\\/es\\\/#organization\",\"name\":\"Private Chef Tenerife\",\"url\":\"https:\\\/\\\/privatechef-tenerife.com\\\/es\\\/\",\"logo\":{\"@type\":\"ImageObject\",\"inLanguage\":\"es\",\"@id\":\"https:\\\/\\\/privatechef-tenerife.com\\\/es\\\/#\\\/schema\\\/logo\\\/image\\\/\",\"url\":\"https:\\\/\\\/privatechef-tenerife.com\\\/wp-content\\\/uploads\\\/2024\\\/07\\\/Logo.png\",\"contentUrl\":\"https:\\\/\\\/privatechef-tenerife.com\\\/wp-content\\\/uploads\\\/2024\\\/07\\\/Logo.png\",\"width\":800,\"height\":501,\"caption\":\"Private Chef Tenerife\"},\"image\":{\"@id\":\"https:\\\/\\\/privatechef-tenerife.com\\\/es\\\/#\\\/schema\\\/logo\\\/image\\\/\"},\"sameAs\":[\"https:\\\/\\\/www.facebook.com\\\/profile.php?id=61556458166663\",\"https:\\\/\\\/www.instagram.com\\\/privatechef_tenerife?igsh=d2FpbWY1cTJ5cGYz\"]}]}<\/script>\n<!-- \/ Yoast SEO plugin. -->","yoast_head_json":{"title":"Reserva de Chef Privado en Tenerife - Private Chef Tenerife","robots":{"index":"index","follow":"follow","max-snippet":"max-snippet:-1","max-image-preview":"max-image-preview:large","max-video-preview":"max-video-preview:-1"},"canonical":"https:\/\/privatechef-tenerife.com\/es\/reserva-de-chef-privado-en-tenerife\/","og_locale":"es_ES","og_type":"article","og_title":"Reserva de Chef Privado en Tenerife - Private Chef Tenerife","og_description":"Reserva tu experiencia con un chef privado Gracias por tu inter\u00e9s en contratarme como tu chef privado. Para asegurarme de ofrecerte el mejor servicio posible, por favor completa el siguiente formulario con el mayor detalle posible. Tu informaci\u00f3n detallada me ayudar\u00e1 a entender tus preferencias, requisitos diet\u00e9ticos y cualquier solicitud especial que puedas tener. \u00a1Espero [&hellip;]","og_url":"https:\/\/privatechef-tenerife.com\/es\/reserva-de-chef-privado-en-tenerife\/","og_site_name":"Private Chef Tenerife","article_publisher":"https:\/\/www.facebook.com\/profile.php?id=61556458166663","article_modified_time":"2025-08-14T17:58:29+00:00","twitter_card":"summary_large_image","twitter_misc":{"Tiempo de lectura":"2 minutos"},"schema":{"@context":"https:\/\/schema.org","@graph":[{"@type":"WebPage","@id":"https:\/\/privatechef-tenerife.com\/es\/reserva-de-chef-privado-en-tenerife\/","url":"https:\/\/privatechef-tenerife.com\/es\/reserva-de-chef-privado-en-tenerife\/","name":"Reserva de Chef Privado en Tenerife - Private Chef Tenerife","isPartOf":{"@id":"https:\/\/privatechef-tenerife.com\/es\/#website"},"datePublished":"2024-06-03T14:04:20+00:00","dateModified":"2025-08-14T17:58:29+00:00","breadcrumb":{"@id":"https:\/\/privatechef-tenerife.com\/es\/reserva-de-chef-privado-en-tenerife\/#breadcrumb"},"inLanguage":"es","potentialAction":[{"@type":"ReadAction","target":["https:\/\/privatechef-tenerife.com\/es\/reserva-de-chef-privado-en-tenerife\/"]}]},{"@type":"BreadcrumbList","@id":"https:\/\/privatechef-tenerife.com\/es\/reserva-de-chef-privado-en-tenerife\/#breadcrumb","itemListElement":[{"@type":"ListItem","position":1,"name":"Home","item":"https:\/\/privatechef-tenerife.com\/es\/"},{"@type":"ListItem","position":2,"name":"Reserva de Chef Privado en Tenerife"}]},{"@type":"WebSite","@id":"https:\/\/privatechef-tenerife.com\/es\/#website","url":"https:\/\/privatechef-tenerife.com\/es\/","name":"Private Chef Tenerife","description":"Meet and eat events in Tenerife","publisher":{"@id":"https:\/\/privatechef-tenerife.com\/es\/#organization"},"potentialAction":[{"@type":"SearchAction","target":{"@type":"EntryPoint","urlTemplate":"https:\/\/privatechef-tenerife.com\/es\/?s={search_term_string}"},"query-input":{"@type":"PropertyValueSpecification","valueRequired":true,"valueName":"search_term_string"}}],"inLanguage":"es"},{"@type":"Organization","@id":"https:\/\/privatechef-tenerife.com\/es\/#organization","name":"Private Chef Tenerife","url":"https:\/\/privatechef-tenerife.com\/es\/","logo":{"@type":"ImageObject","inLanguage":"es","@id":"https:\/\/privatechef-tenerife.com\/es\/#\/schema\/logo\/image\/","url":"https:\/\/privatechef-tenerife.com\/wp-content\/uploads\/2024\/07\/Logo.png","contentUrl":"https:\/\/privatechef-tenerife.com\/wp-content\/uploads\/2024\/07\/Logo.png","width":800,"height":501,"caption":"Private Chef Tenerife"},"image":{"@id":"https:\/\/privatechef-tenerife.com\/es\/#\/schema\/logo\/image\/"},"sameAs":["https:\/\/www.facebook.com\/profile.php?id=61556458166663","https:\/\/www.instagram.com\/privatechef_tenerife?igsh=d2FpbWY1cTJ5cGYz"]}]}},"_links":{"self":[{"href":"https:\/\/privatechef-tenerife.com\/es\/wp-json\/wp\/v2\/pages\/987501135","targetHints":{"allow":["GET"]}}],"collection":[{"href":"https:\/\/privatechef-tenerife.com\/es\/wp-json\/wp\/v2\/pages"}],"about":[{"href":"https:\/\/privatechef-tenerife.com\/es\/wp-json\/wp\/v2\/types\/page"}],"author":[{"embeddable":true,"href":"https:\/\/privatechef-tenerife.com\/es\/wp-json\/wp\/v2\/users\/2"}],"replies":[{"embeddable":true,"href":"https:\/\/privatechef-tenerife.com\/es\/wp-json\/wp\/v2\/comments?post=987501135"}],"version-history":[{"count":7,"href":"https:\/\/privatechef-tenerife.com\/es\/wp-json\/wp\/v2\/pages\/987501135\/revisions"}],"predecessor-version":[{"id":987502205,"href":"https:\/\/privatechef-tenerife.com\/es\/wp-json\/wp\/v2\/pages\/987501135\/revisions\/987502205"}],"wp:attachment":[{"href":"https:\/\/privatechef-tenerife.com\/es\/wp-json\/wp\/v2\/media?parent=987501135"}],"curies":[{"name":"wp","href":"https:\/\/api.w.org\/{rel}","templated":true}]}}