{"id":987501155,"date":"2024-07-15T14:54:23","date_gmt":"2024-07-15T14:54:23","guid":{"rendered":"https:\/\/privatechef-tenerife.com\/contacto\/"},"modified":"2024-10-14T18:15:22","modified_gmt":"2024-10-14T18:15:22","slug":"contacto","status":"publish","type":"page","link":"https:\/\/privatechef-tenerife.com\/es\/contacto\/","title":{"rendered":"Contacto"},"content":{"rendered":"<p>[et_pb_section fb_built=\u00bb1&#8243; admin_label=\u00bbHeader\u00bb _builder_version=\u00bb4.26.1&#8243; _module_preset=\u00bbdefault\u00bb background_color=\u00bb#ddc1be\u00bb custom_padding=\u00bb10px||10px||true|false\u00bb da_disable_devices=\u00bboff|off|off\u00bb collapsed=\u00bbon\u00bb global_colors_info=\u00bb{}\u00bb da_is_popup=\u00bboff\u00bb da_exit_intent=\u00bboff\u00bb da_has_close=\u00bbon\u00bb da_alt_close=\u00bboff\u00bb da_dark_close=\u00bboff\u00bb da_not_modal=\u00bbon\u00bb da_is_singular=\u00bboff\u00bb da_with_loader=\u00bboff\u00bb da_has_shadow=\u00bbon\u00bb][et_pb_row _builder_version=\u00bb4.24.1&#8243; _module_preset=\u00bbdefault\u00bb global_colors_info=\u00bb{}\u00bb][et_pb_column type=\u00bb4_4&#8243; _builder_version=\u00bb4.24.1&#8243; _module_preset=\u00bbdefault\u00bb global_colors_info=\u00bb{}\u00bb][et_pb_text _builder_version=\u00bb4.26.1&#8243; _module_preset=\u00bb21c702ff-b300-4d31-a70a-fb27d22dba7c\u00bb text_font=\u00bb|600|||||||\u00bb text_text_color=\u00bb#FFFFFF\u00bb text_font_size=\u00bb19px\u00bb header_font=\u00bb||||||||\u00bb header_text_color=\u00bb#FFFFFF\u00bb text_orientation=\u00bbcenter\u00bb global_colors_info=\u00bb{}\u00bb]<\/p>\n<h1>\u00a1Cont\u00e1ctame!<\/h1>\n<p>Espero con inter\u00e9s tu respuesta.<\/p>\n<p>[\/et_pb_text][\/et_pb_column][\/et_pb_row][\/et_pb_section][et_pb_section fb_built=\u00bb1&#8243; admin_label=\u00bbContact Info\u00bb _builder_version=\u00bb4.26.1&#8243; _module_preset=\u00bbdefault\u00bb custom_padding=\u00bb0px||||false|false\u00bb da_disable_devices=\u00bboff|off|off\u00bb collapsed=\u00bbon\u00bb global_colors_info=\u00bb{}\u00bb da_is_popup=\u00bboff\u00bb da_exit_intent=\u00bboff\u00bb da_has_close=\u00bbon\u00bb da_alt_close=\u00bboff\u00bb da_dark_close=\u00bboff\u00bb da_not_modal=\u00bbon\u00bb da_is_singular=\u00bboff\u00bb da_with_loader=\u00bboff\u00bb da_has_shadow=\u00bbon\u00bb][et_pb_row column_structure=\u00bb2_5,3_5&#8243; make_equal=\u00bbon\u00bb _builder_version=\u00bb4.26.1&#8243; _module_preset=\u00bbdefault\u00bb global_colors_info=\u00bb{}\u00bb][et_pb_column type=\u00bb2_5&#8243; _builder_version=\u00bb4.26.1&#8243; _module_preset=\u00bbdefault\u00bb custom_padding_tablet=\u00bb0px||0px||true|false\u00bb custom_padding_phone=\u00bb0px||0px||true|false\u00bb custom_padding_last_edited=\u00bbon|desktop\u00bb global_colors_info=\u00bb{}\u00bb][et_pb_text _builder_version=\u00bb4.26.1&#8243; _module_preset=\u00bb4e6ee2fa-8050-4a30-922a-ca91ee1db024&#8243; header_4_font=\u00bb||||||||\u00bb text_orientation=\u00bbcenter\u00bb custom_margin=\u00bb||0px||false|false\u00bb global_colors_info=\u00bb{}\u00bb]<\/p>\n<h4>Janine H\u00fcbel<\/h4>\n<p>[\/et_pb_text][et_pb_image src=\u00bbhttps:\/\/privatechef-tenerife.com\/wp-content\/uploads\/2024\/07\/contact-private-chef-tenerife-02.jpg\u00bb title_text=\u00bbcontact-private-chef-tenerife-02&#8243; align=\u00bbcenter\u00bb _builder_version=\u00bb4.26.1&#8243; _module_preset=\u00bbdefault\u00bb global_colors_info=\u00bb{}\u00bb][\/et_pb_image][et_pb_text _builder_version=\u00bb4.27.0&#8243; _module_preset=\u00bb4e6ee2fa-8050-4a30-922a-ca91ee1db024&#8243; header_4_font=\u00bb&#8211;et_global_body_font||||||||\u00bb text_orientation=\u00bbcenter\u00bb custom_margin=\u00bb||0px||false|false\u00bb hover_enabled=\u00bb0&#8243; global_colors_info=\u00bb{}\u00bb sticky_enabled=\u00bb0&#8243; header_4_font_size=\u00bb24px\u00bb text_font=\u00bb|600|||||||\u00bb text_font_size=\u00bb18px\u00bb]<\/p>\n<p>Tel\u00e9fono y correo electr\u00f3nico<\/p>\n<p>[\/et_pb_text][et_pb_text _builder_version=\u00bb4.27.0&#8243; _module_preset=\u00bb9357d544-d28b-4e5c-82b0-5a276ea52a9f\u00bb text_orientation=\u00bbcenter\u00bb custom_margin=\u00bb||0px||false|false\u00bb global_colors_info=\u00bb{}\u00bb]<\/p>\n<p>+34 676 41 80 74<\/p>\n<p>[\/et_pb_text][et_pb_text _builder_version=\u00bb4.26.1&#8243; _module_preset=\u00bb9357d544-d28b-4e5c-82b0-5a276ea52a9f\u00bb text_font=\u00bb||||||||\u00bb text_orientation=\u00bbcenter\u00bb global_colors_info=\u00bb{}\u00bb]<\/p>\n<p><a href=\"mailto:janine@privatechef-tenerife.com\"><a href=\"mailto:janine@privatechef-tenerife.com\">janine@privatechef-tenerife.com<\/a><\/a><\/p>\n<p>[\/et_pb_text][\/et_pb_column][et_pb_column type=\u00bb3_5&#8243; _builder_version=\u00bb4.26.1&#8243; _module_preset=\u00bbdefault\u00bb background_image=\u00bbhttps:\/\/privatechef-tenerife.com\/wp-content\/uploads\/2024\/07\/meet-and-eat-tenerife-04.jpg\u00bb global_colors_info=\u00bb{}\u00bb][et_pb_divider show_divider=\u00bboff\u00bb _builder_version=\u00bb4.24.1&#8243; _module_preset=\u00bbdefault\u00bb height_tablet=\u00bb50vw\u00bb height_phone=\u00bb50vw\u00bb height_last_edited=\u00bbon|desktop\u00bb locked=\u00bboff\u00bb global_colors_info=\u00bb{}\u00bb][\/et_pb_divider][\/et_pb_column][\/et_pb_row][\/et_pb_section]<\/p>\n","protected":false},"excerpt":{"rendered":"<p>\u00a1Cont\u00e1ctame! Espero con inter\u00e9s tu respuesta.Janine H\u00fcbelTel\u00e9fono y correo electr\u00f3nico+34 676 41 80 74janine@privatechef-tenerife.com<\/p>\n","protected":false},"author":2,"featured_media":0,"parent":0,"menu_order":0,"comment_status":"closed","ping_status":"closed","template":"","meta":{"_et_pb_use_builder":"on","_et_pb_old_content":"","_et_gb_content_width":"","footnotes":""},"class_list":["post-987501155","page","type-page","status-publish","hentry"],"yoast_head":"<!-- This site is optimized with the Yoast SEO plugin v27.4 - https:\/\/yoast.com\/product\/yoast-seo-wordpress\/ -->\n<title>Contacto - Private Chef Tenerife<\/title>\n<meta name=\"robots\" content=\"index, follow, max-snippet:-1, max-image-preview:large, max-video-preview:-1\" \/>\n<link rel=\"canonical\" href=\"https:\/\/privatechef-tenerife.com\/es\/contacto\/\" \/>\n<meta property=\"og:locale\" content=\"es_ES\" \/>\n<meta property=\"og:type\" content=\"article\" \/>\n<meta property=\"og:title\" content=\"Contacto - Private Chef Tenerife\" \/>\n<meta property=\"og:description\" content=\"\u00a1Cont\u00e1ctame! Espero con inter\u00e9s tu respuesta.Janine H\u00fcbelTel\u00e9fono y correo electr\u00f3nico+34 676 41 80 74janine@privatechef-tenerife.com\" \/>\n<meta property=\"og:url\" content=\"https:\/\/privatechef-tenerife.com\/es\/contacto\/\" \/>\n<meta property=\"og:site_name\" content=\"Private Chef Tenerife\" \/>\n<meta property=\"article:publisher\" content=\"https:\/\/www.facebook.com\/profile.php?id=61556458166663\" \/>\n<meta property=\"article:modified_time\" content=\"2024-10-14T18:15:22+00:00\" \/>\n<meta name=\"twitter:card\" content=\"summary_large_image\" \/>\n<meta name=\"twitter:label1\" content=\"Tiempo de lectura\" \/>\n\t<meta name=\"twitter:data1\" content=\"3 minutos\" \/>\n<script type=\"application\/ld+json\" class=\"yoast-schema-graph\">{\"@context\":\"https:\\\/\\\/schema.org\",\"@graph\":[{\"@type\":\"WebPage\",\"@id\":\"https:\\\/\\\/privatechef-tenerife.com\\\/es\\\/contacto\\\/\",\"url\":\"https:\\\/\\\/privatechef-tenerife.com\\\/es\\\/contacto\\\/\",\"name\":\"Contacto - Private Chef Tenerife\",\"isPartOf\":{\"@id\":\"https:\\\/\\\/privatechef-tenerife.com\\\/es\\\/#website\"},\"datePublished\":\"2024-07-15T14:54:23+00:00\",\"dateModified\":\"2024-10-14T18:15:22+00:00\",\"breadcrumb\":{\"@id\":\"https:\\\/\\\/privatechef-tenerife.com\\\/es\\\/contacto\\\/#breadcrumb\"},\"inLanguage\":\"es\",\"potentialAction\":[{\"@type\":\"ReadAction\",\"target\":[\"https:\\\/\\\/privatechef-tenerife.com\\\/es\\\/contacto\\\/\"]}]},{\"@type\":\"BreadcrumbList\",\"@id\":\"https:\\\/\\\/privatechef-tenerife.com\\\/es\\\/contacto\\\/#breadcrumb\",\"itemListElement\":[{\"@type\":\"ListItem\",\"position\":1,\"name\":\"Home\",\"item\":\"https:\\\/\\\/privatechef-tenerife.com\\\/es\\\/\"},{\"@type\":\"ListItem\",\"position\":2,\"name\":\"Contacto\"}]},{\"@type\":\"WebSite\",\"@id\":\"https:\\\/\\\/privatechef-tenerife.com\\\/es\\\/#website\",\"url\":\"https:\\\/\\\/privatechef-tenerife.com\\\/es\\\/\",\"name\":\"Private Chef Tenerife\",\"description\":\"Meet and eat events in Tenerife\",\"publisher\":{\"@id\":\"https:\\\/\\\/privatechef-tenerife.com\\\/es\\\/#organization\"},\"potentialAction\":[{\"@type\":\"SearchAction\",\"target\":{\"@type\":\"EntryPoint\",\"urlTemplate\":\"https:\\\/\\\/privatechef-tenerife.com\\\/es\\\/?s={search_term_string}\"},\"query-input\":{\"@type\":\"PropertyValueSpecification\",\"valueRequired\":true,\"valueName\":\"search_term_string\"}}],\"inLanguage\":\"es\"},{\"@type\":\"Organization\",\"@id\":\"https:\\\/\\\/privatechef-tenerife.com\\\/es\\\/#organization\",\"name\":\"Private Chef Tenerife\",\"url\":\"https:\\\/\\\/privatechef-tenerife.com\\\/es\\\/\",\"logo\":{\"@type\":\"ImageObject\",\"inLanguage\":\"es\",\"@id\":\"https:\\\/\\\/privatechef-tenerife.com\\\/es\\\/#\\\/schema\\\/logo\\\/image\\\/\",\"url\":\"https:\\\/\\\/privatechef-tenerife.com\\\/wp-content\\\/uploads\\\/2024\\\/07\\\/Logo.png\",\"contentUrl\":\"https:\\\/\\\/privatechef-tenerife.com\\\/wp-content\\\/uploads\\\/2024\\\/07\\\/Logo.png\",\"width\":800,\"height\":501,\"caption\":\"Private Chef Tenerife\"},\"image\":{\"@id\":\"https:\\\/\\\/privatechef-tenerife.com\\\/es\\\/#\\\/schema\\\/logo\\\/image\\\/\"},\"sameAs\":[\"https:\\\/\\\/www.facebook.com\\\/profile.php?id=61556458166663\",\"https:\\\/\\\/www.instagram.com\\\/privatechef_tenerife?igsh=d2FpbWY1cTJ5cGYz\"]}]}<\/script>\n<!-- \/ Yoast SEO plugin. -->","yoast_head_json":{"title":"Contacto - Private Chef Tenerife","robots":{"index":"index","follow":"follow","max-snippet":"max-snippet:-1","max-image-preview":"max-image-preview:large","max-video-preview":"max-video-preview:-1"},"canonical":"https:\/\/privatechef-tenerife.com\/es\/contacto\/","og_locale":"es_ES","og_type":"article","og_title":"Contacto - Private Chef Tenerife","og_description":"\u00a1Cont\u00e1ctame! Espero con inter\u00e9s tu respuesta.Janine H\u00fcbelTel\u00e9fono y correo electr\u00f3nico+34 676 41 80 74janine@privatechef-tenerife.com","og_url":"https:\/\/privatechef-tenerife.com\/es\/contacto\/","og_site_name":"Private Chef Tenerife","article_publisher":"https:\/\/www.facebook.com\/profile.php?id=61556458166663","article_modified_time":"2024-10-14T18:15:22+00:00","twitter_card":"summary_large_image","twitter_misc":{"Tiempo de lectura":"3 minutos"},"schema":{"@context":"https:\/\/schema.org","@graph":[{"@type":"WebPage","@id":"https:\/\/privatechef-tenerife.com\/es\/contacto\/","url":"https:\/\/privatechef-tenerife.com\/es\/contacto\/","name":"Contacto - Private Chef Tenerife","isPartOf":{"@id":"https:\/\/privatechef-tenerife.com\/es\/#website"},"datePublished":"2024-07-15T14:54:23+00:00","dateModified":"2024-10-14T18:15:22+00:00","breadcrumb":{"@id":"https:\/\/privatechef-tenerife.com\/es\/contacto\/#breadcrumb"},"inLanguage":"es","potentialAction":[{"@type":"ReadAction","target":["https:\/\/privatechef-tenerife.com\/es\/contacto\/"]}]},{"@type":"BreadcrumbList","@id":"https:\/\/privatechef-tenerife.com\/es\/contacto\/#breadcrumb","itemListElement":[{"@type":"ListItem","position":1,"name":"Home","item":"https:\/\/privatechef-tenerife.com\/es\/"},{"@type":"ListItem","position":2,"name":"Contacto"}]},{"@type":"WebSite","@id":"https:\/\/privatechef-tenerife.com\/es\/#website","url":"https:\/\/privatechef-tenerife.com\/es\/","name":"Private Chef Tenerife","description":"Meet and eat events in Tenerife","publisher":{"@id":"https:\/\/privatechef-tenerife.com\/es\/#organization"},"potentialAction":[{"@type":"SearchAction","target":{"@type":"EntryPoint","urlTemplate":"https:\/\/privatechef-tenerife.com\/es\/?s={search_term_string}"},"query-input":{"@type":"PropertyValueSpecification","valueRequired":true,"valueName":"search_term_string"}}],"inLanguage":"es"},{"@type":"Organization","@id":"https:\/\/privatechef-tenerife.com\/es\/#organization","name":"Private Chef Tenerife","url":"https:\/\/privatechef-tenerife.com\/es\/","logo":{"@type":"ImageObject","inLanguage":"es","@id":"https:\/\/privatechef-tenerife.com\/es\/#\/schema\/logo\/image\/","url":"https:\/\/privatechef-tenerife.com\/wp-content\/uploads\/2024\/07\/Logo.png","contentUrl":"https:\/\/privatechef-tenerife.com\/wp-content\/uploads\/2024\/07\/Logo.png","width":800,"height":501,"caption":"Private Chef Tenerife"},"image":{"@id":"https:\/\/privatechef-tenerife.com\/es\/#\/schema\/logo\/image\/"},"sameAs":["https:\/\/www.facebook.com\/profile.php?id=61556458166663","https:\/\/www.instagram.com\/privatechef_tenerife?igsh=d2FpbWY1cTJ5cGYz"]}]}},"_links":{"self":[{"href":"https:\/\/privatechef-tenerife.com\/es\/wp-json\/wp\/v2\/pages\/987501155","targetHints":{"allow":["GET"]}}],"collection":[{"href":"https:\/\/privatechef-tenerife.com\/es\/wp-json\/wp\/v2\/pages"}],"about":[{"href":"https:\/\/privatechef-tenerife.com\/es\/wp-json\/wp\/v2\/types\/page"}],"author":[{"embeddable":true,"href":"https:\/\/privatechef-tenerife.com\/es\/wp-json\/wp\/v2\/users\/2"}],"replies":[{"embeddable":true,"href":"https:\/\/privatechef-tenerife.com\/es\/wp-json\/wp\/v2\/comments?post=987501155"}],"version-history":[{"count":2,"href":"https:\/\/privatechef-tenerife.com\/es\/wp-json\/wp\/v2\/pages\/987501155\/revisions"}],"predecessor-version":[{"id":987501157,"href":"https:\/\/privatechef-tenerife.com\/es\/wp-json\/wp\/v2\/pages\/987501155\/revisions\/987501157"}],"wp:attachment":[{"href":"https:\/\/privatechef-tenerife.com\/es\/wp-json\/wp\/v2\/media?parent=987501155"}],"curies":[{"name":"wp","href":"https:\/\/api.w.org\/{rel}","templated":true}]}}