{"id":987501170,"date":"2024-07-17T13:01:31","date_gmt":"2024-07-17T13:01:31","guid":{"rendered":"https:\/\/privatechef-tenerife.com\/precios-y-preguntas-frecuentes\/"},"modified":"2026-03-06T12:50:30","modified_gmt":"2026-03-06T12:50:30","slug":"precios-y-preguntas-frecuentes","status":"publish","type":"page","link":"https:\/\/privatechef-tenerife.com\/es\/precios-y-preguntas-frecuentes\/","title":{"rendered":"Precios y Preguntas Frecuentes"},"content":{"rendered":"<p>[et_pb_section fb_built=\u00bb1&#8243; _builder_version=\u00bb4.26.1&#8243; _module_preset=\u00bbdefault\u00bb background_color=\u00bb#ddc1be\u00bb da_disable_devices=\u00bboff|off|off\u00bb global_colors_info=\u00bb{}\u00bb da_is_popup=\u00bboff\u00bb da_exit_intent=\u00bboff\u00bb da_has_close=\u00bbon\u00bb da_alt_close=\u00bboff\u00bb da_dark_close=\u00bboff\u00bb da_not_modal=\u00bbon\u00bb da_is_singular=\u00bboff\u00bb da_with_loader=\u00bboff\u00bb da_has_shadow=\u00bbon\u00bb][et_pb_row _builder_version=\u00bb4.26.1&#8243; _module_preset=\u00bbdefault\u00bb global_colors_info=\u00bb{}\u00bb][et_pb_column type=\u00bb4_4&#8243; _builder_version=\u00bb4.26.1&#8243; _module_preset=\u00bbdefault\u00bb global_colors_info=\u00bb{}\u00bb][et_pb_text _builder_version=\u00bb4.26.1&#8243; header_font=\u00bb||||||||\u00bb header_text_color=\u00bb#FFFFFF\u00bb header_font_size=\u00bb70px\u00bb header_line_height=\u00bb1.2em\u00bb text_orientation=\u00bbcenter\u00bb custom_padding_phone=\u00bb50px||||false|false\u00bb custom_padding_last_edited=\u00bboff|desktop\u00bb header_font_size_tablet=\u00bb60px\u00bb header_font_size_phone=\u00bb40px\u00bb header_font_size_last_edited=\u00bbon|phone\u00bb locked=\u00bboff\u00bb global_colors_info=\u00bb{}\u00bb]<\/p>\n<h1>Precios de servicios de chef privado en Tenerife<\/h1>\n<p>[\/et_pb_text][\/et_pb_column][\/et_pb_row][\/et_pb_section][et_pb_section fb_built=\u00bb1&#8243; admin_label=\u00bbHeader\u00bb _builder_version=\u00bb4.26.1&#8243; _module_preset=\u00bbdefault\u00bb custom_padding=\u00bb||0px||false|false\u00bb da_disable_devices=\u00bboff|off|off\u00bb locked=\u00bboff\u00bb global_colors_info=\u00bb{}\u00bb da_is_popup=\u00bboff\u00bb da_exit_intent=\u00bboff\u00bb da_has_close=\u00bbon\u00bb da_alt_close=\u00bboff\u00bb da_dark_close=\u00bboff\u00bb da_not_modal=\u00bbon\u00bb da_is_singular=\u00bboff\u00bb da_with_loader=\u00bboff\u00bb da_has_shadow=\u00bbon\u00bb][et_pb_row _builder_version=\u00bb4.16&#8243; _module_preset=\u00bbdefault\u00bb global_colors_info=\u00bb{}\u00bb][et_pb_column type=\u00bb4_4&#8243; _builder_version=\u00bb4.16&#8243; _module_preset=\u00bbdefault\u00bb custom_padding_tablet=\u00bb30px|30px|30px|30px|true|true\u00bb custom_padding_last_edited=\u00bboff|desktop\u00bb global_colors_info=\u00bb{}\u00bb][et_pb_text _builder_version=\u00bb4.26.1&#8243; _module_preset=\u00bbdefault\u00bb header_2_font_size=\u00bb35px\u00bb animation_style=\u00bbfade\u00bb animation_duration=\u00bb2000ms\u00bb animation_delay=\u00bb500ms\u00bb global_colors_info=\u00bb{}\u00bb]<\/p>\n<h2>Descripci\u00f3n<\/h2>\n<p>[\/et_pb_text][et_pb_text _builder_version=\u00bb4.26.1&#8243; _module_preset=\u00bbdefault\u00bb animation_style=\u00bbfade\u00bb animation_duration=\u00bb2000ms\u00bb animation_delay=\u00bb500ms\u00bb global_colors_info=\u00bb{}\u00bb]<\/p>\n<p>Ya sea una cena a la luz de las velas para dos, una velada con amigos, una celebraci\u00f3n familiar o simplemente deseas darte un capricho durante tus vacaciones, \u00a1soy tu chef personal! Cocino en tu finca, alojamiento de vacaciones o en tu hogar y llevo el buen gusto directamente a tu domicilio. Como en una visita a un restaurante, no tendr\u00e1s que preocuparte por nada.  <\/p>\n<p>Te ofrezco un men\u00fa personalizado de 3 a 6 platos seg\u00fan tus preferencias. Cada men\u00fa comienza con pan casero y dips. Me encargo de las compras (tambi\u00e9n puedo seleccionar los vinos si es necesario), pongo la mesa, sirvo a los invitados y despu\u00e9s de la comida limpio tu cocina.  <\/p>\n<p>[\/et_pb_text][et_pb_text _builder_version=\u00bb4.26.1&#8243; _module_preset=\u00bbdefault\u00bb header_2_font_size=\u00bb35px\u00bb animation_style=\u00bbfade\u00bb animation_duration=\u00bb2000ms\u00bb animation_delay=\u00bb750ms\u00bb global_colors_info=\u00bb{}\u00bb]<\/p>\n<h2>C\u00e1lculo de precios<\/h2>\n<p>[\/et_pb_text][et_pb_text _builder_version=\u00bb4.26.1&#8243; _module_preset=\u00bbdefault\u00bb animation_style=\u00bbfade\u00bb animation_duration=\u00bb2000ms\u00bb animation_delay=\u00bb750ms\u00bb global_colors_info=\u00bb{}\u00bb]<\/p>\n<p><strong>** Ingreso m\u00ednimo **<\/strong><\/p>\n<p>Lo m\u00e1s costoso es mi tiempo de trabajo. Este incluye entre 16 y 22 horas, independientemente del n\u00famero de personas. Esto contempla mi tiempo de oficina, compras, preparaci\u00f3n y seguimiento. Como trabajo al 100% de manera aut\u00f3noma, debo incluir mis contribuciones sociales, seguros, impuestos y reservas en estos costos.   <\/p>\n<p><strong>** Gastos de los alimentos **<\/strong><\/p>\n<p>Obtengo mis ingredientes principalmente de productores locales, con un fuerte \u00e9nfasis en la calidad. Esto resulta en costos de aproximadamente 26 a 32 \u20ac por persona. Debido a la diversa naturaleza de mi selecci\u00f3n de men\u00fas, ofrezco un precio de men\u00fa uniforme por invitado.  <\/p>\n<p><strong>** Gastos de desplazamiento **<\/strong><\/p>\n<p>Viajo con mi coche privado desde Valle San Lorenzo, Arona. Los viajes dentro de un radio de 20 km est\u00e1n incluidos en el precio. Por cada kil\u00f3metro adicional, cobro 0,27 \u20ac tanto para la ida como para la vuelta. No cobro costos de desplazamiento adicionales por mis viajes de compras.   <\/p>\n<p>[\/et_pb_text][et_pb_text _builder_version=\u00bb4.26.1&#8243; _module_preset=\u00bbdefault\u00bb header_2_font_size=\u00bb35px\u00bb animation_style=\u00bbfade\u00bb animation_duration=\u00bb2000ms\u00bb animation_delay=\u00bb500ms\u00bb global_colors_info=\u00bb{}\u00bb]<\/p>\n<h2>Condiciones<\/h2>\n<p>[\/et_pb_text][et_pb_text _builder_version=\u00bb4.27.2&#8243; _module_preset=\u00bbdefault\u00bb animation_style=\u00bbfade\u00bb animation_duration=\u00bb2000ms\u00bb animation_delay=\u00bb500ms\u00bb global_colors_info=\u00bb{}\u00bb]<\/p>\n<p><strong>** Cena a la luz de las velas para 2 personas: **<\/strong><\/p>\n<p>Menu de 3,5 platos \u2013 \u20ac200.00<\/p>\n<p><strong>** Men\u00fa de chef privado para grupos de 4 o m\u00e1s personas: **<\/strong><\/p>\n<p>Menu de 3,5 platos \u2013 \u20ac69.00 per person<\/p>\n<p>&nbsp;<\/p>\n<p><strong>** Servicio de bebidas: **<\/strong><\/p>\n<p>Coctel de bienvenida &#8211; \u20ac8,50 per person<\/p>\n<p>Vino tinto- Protos, Ribera del Duero &#8211; \u20ac19,00 per bottle<\/p>\n<p>Vino blanco- Jose Pariente, Rueda &#8211; \u20ac20,00 per bottle<\/p>\n<p>&nbsp;<\/p>\n<p><strong>** Servicio de vajilla: **<\/strong><\/p>\n<p>Platos &amp; cubiertos &#8211; \u20ac5,00 per person<strong><\/strong><\/p>\n<p> Copas de agua y vino &#8211; \u20ac3,00 per person<\/p>\n<p><strong><\/strong><\/p>\n<p>&nbsp;<\/p>\n<p>&nbsp;<\/p>\n<p>&nbsp;<\/p>\n<p>&nbsp;<\/p>\n<p>[\/et_pb_text][et_pb_text _builder_version=\u00bb4.26.1&#8243; _module_preset=\u00bbdefault\u00bb animation_style=\u00bbfade\u00bb animation_duration=\u00bb2000ms\u00bb animation_delay=\u00bb750ms\u00bb global_colors_info=\u00bb{}\u00bb]<\/p>\n<p>\u00bfTienes solicitudes especiales para tu vino o men\u00fa? \u00bfQuieres m\u00e1s de 3,5 platos o tienes ideas espec\u00edficas? Comparte tus deseos conmigo y te har\u00e9 una oferta personalizada.  <\/p>\n<p>[\/et_pb_text][\/et_pb_column][\/et_pb_row][\/et_pb_section][et_pb_section fb_built=\u00bb1&#8243; admin_label=\u00bbCTA\u00bb _builder_version=\u00bb4.26.1&#8243; _module_preset=\u00bbdefault\u00bb custom_padding=\u00bb0px||||false|false\u00bb da_disable_devices=\u00bboff|off|off\u00bb global_colors_info=\u00bb{}\u00bb da_is_popup=\u00bboff\u00bb da_exit_intent=\u00bboff\u00bb da_has_close=\u00bbon\u00bb da_alt_close=\u00bboff\u00bb da_dark_close=\u00bboff\u00bb da_not_modal=\u00bbon\u00bb da_is_singular=\u00bboff\u00bb da_with_loader=\u00bboff\u00bb da_has_shadow=\u00bbon\u00bb][et_pb_row _builder_version=\u00bb4.26.1&#8243; _module_preset=\u00bbdefault\u00bb global_colors_info=\u00bb{}\u00bb][et_pb_column type=\u00bb4_4&#8243; _builder_version=\u00bb4.26.1&#8243; _module_preset=\u00bbdefault\u00bb global_colors_info=\u00bb{}\u00bb][et_pb_text _builder_version=\u00bb4.27.0&#8243; header_2_font=\u00bb||||||||\u00bb header_2_font_size=\u00bb60px\u00bb header_2_line_height=\u00bb1.2em\u00bb text_orientation=\u00bbcenter\u00bb animation_style=\u00bbfade\u00bb animation_duration=\u00bb2000ms\u00bb animation_delay=\u00bb500ms\u00bb header_2_font_size_tablet=\u00bb40px\u00bb header_2_font_size_phone=\u00bb30px\u00bb header_2_font_size_last_edited=\u00bbon|phone\u00bb locked=\u00bboff\u00bb global_colors_info=\u00bb{}\u00bb]<\/p>\n<h2>&#8211; Preguntas frecuentes servicios de chef privado en Tenerife &#8211;<\/h2>\n<p>Aqu\u00ed encontrar\u00e1 respuestas a preguntas frecuentes sobre el <strong>servicio de chef privado<\/strong>. Por supuesto, tambi\u00e9n estoy encantada de atender personalmente cualquier pregunta relacionada con su reserva o consulta. <\/p>\n<h1><\/h1>\n<p>[\/et_pb_text][et_pb_accordion _builder_version=\u00bb4.27.0&#8243; _module_preset=\u00bbdefault\u00bb toggle_font=\u00bb&#8211;et_global_body_font||||||||\u00bb max_width=\u00bb80%\u00bb max_width_tablet=\u00bb80%\u00bb max_width_phone=\u00bb100%\u00bb max_width_last_edited=\u00bbon|phone\u00bb module_alignment=\u00bbcenter\u00bb custom_margin_tablet=\u00bb\u00bb custom_margin_phone=\u00bb\u00bb custom_margin_last_edited=\u00bbon|phone\u00bb animation_style=\u00bbfade\u00bb animation_duration=\u00bb2000ms\u00bb animation_delay=\u00bb750ms\u00bb global_colors_info=\u00bb{}\u00bb][et_pb_accordion_item title=\u00bb\u00bfTrabaja en toda Tenerife?\u00bb open=\u00bbon\u00bb _builder_version=\u00bb4.26.1&#8243; _module_preset=\u00bbdefault\u00bb global_colors_info=\u00bb{}\u00bb]<\/p>\n<p>Mi \u00e1rea de servicio como chef privada en Tenerife incluye fincas y casas en el sur de la isla. Los desplazamientos dentro de un radio de 20 km desde Valle San Lorenzo, Arona, est\u00e1n incluidos en el precio. Para solicitudes m\u00e1s alejadas, cobro una tarifa de \u20ac0,27 por kil\u00f3metro adicional.  <\/p>\n<p>[\/et_pb_accordion_item][et_pb_accordion_item title=\u00bb\u00bfCu\u00e1l es el proceso el d\u00eda de la cena?\u00bb _builder_version=\u00bb4.26.1&#8243; _module_preset=\u00bbdefault\u00bb global_colors_info=\u00bb{}\u00bb open=\u00bboff\u00bb]<\/p>\n<p>El d\u00eda del evento, llegamos puntualmente a la hora acordada, generalmente unas 2 horas antes de que comience el men\u00fa. Esto depende de la complejidad del men\u00fa y del n\u00famero de invitados. Traemos ollas, sartenes y otros utensilios de cocina seg\u00fan sea necesario. Tambi\u00e9n podemos proporcionar vajilla y decoraci\u00f3n previa coordinaci\u00f3n. Solo necesitamos una estufa, un horno y algo de espacio en el refrigerador. Despu\u00e9s de preparar el men\u00fa, limpiamos nuestra \u00e1rea de trabajo y los equipos utilizados.     <\/p>\n<p>[\/et_pb_accordion_item][et_pb_accordion_item title=\u00bb\u00bfDebemos estar presentes mientras prepara la comida?\u00bb _builder_version=\u00bb4.26.1&#8243; _module_preset=\u00bbdefault\u00bb global_colors_info=\u00bb{}\u00bb open=\u00bboff\u00bb]<\/p>\n<p>No es necesario que est\u00e9n presentes mientras preparo la comida en su cocina. Si tengo alguna pregunta, la resolveremos cuando me reciban y me muestren la cocina. Esto tambi\u00e9n puede hacerlo un miembro del personal de la casa o alguien de su confianza. Sin embargo, es necesario tener acceso oportuno a su cocina para asegurar que la comida se sirva a la hora acordada.   <\/p>\n<p>[\/et_pb_accordion_item][et_pb_accordion_item title=\u00bb\u00bfHay vegetarianos, personas con alergias o intolerancias entre los invitados? \u00bfPuede adaptarse a ellos? \u00bb _builder_version=\u00bb4.26.1&#8243; _module_preset=\u00bbdefault\u00bb global_colors_info=\u00bb{}\u00bb open=\u00bboff\u00bb]<\/p>\n<p>\u00a1Por supuesto! Discutiremos su men\u00fa de manera individual y se tendr\u00e1n en cuenta sus deseos y necesidades. Por favor, inf\u00f3rmeme de cualquier restricci\u00f3n cuando realice su consulta.  <\/p>\n<p>[\/et_pb_accordion_item][et_pb_accordion_item title=\u00bb\u00bfSolo cocina men\u00fas de 3,5 platos?\u00bb _builder_version=\u00bb4.26.1&#8243; _module_preset=\u00bbdefault\u00bb global_colors_info=\u00bb{}\u00bb open=\u00bboff\u00bb]<\/p>\n<p>No, me adapto a sus deseos y necesidades. Ya sea que desee m\u00e1s platos, un brunch abundante, una noche de tapas, un buffet o un almuerzo sencillo, cont\u00e1cteme y crearemos juntos la experiencia culinaria perfecta. <\/p>\n<p>[\/et_pb_accordion_item][et_pb_accordion_item title=\u00bb\u00bfPara cu\u00e1ntas personas cocina?\u00bb _builder_version=\u00bb4.26.1&#8243; _module_preset=\u00bbdefault\u00bb global_colors_info=\u00bb{}\u00bb open=\u00bboff\u00bb]<\/p>\n<p>Cocino para hasta 15 personas. Para solicitudes de grupos mayores de 15 personas, evaluar\u00e9 caso por caso si puedo aceptar el encargo. Esto depende de los requisitos y el perfil del evento, los deseos del men\u00fa y las condiciones del lugar.  <\/p>\n<p>[\/et_pb_accordion_item][et_pb_accordion_item title=\u00bb\u00bfQu\u00e9 necesita para una reserva firme?\u00bb _builder_version=\u00bb4.26.1&#8243; _module_preset=\u00bbdefault\u00bb global_colors_info=\u00bb{}\u00bb open=\u00bboff\u00bb]<\/p>\n<p>Despu\u00e9s de las primeras conversaciones, solicito un dep\u00f3sito del 20% para confirmar su reserva. Una vez recibido el pago, recibir\u00e1 una confirmaci\u00f3n de mi parte y su fecha quedar\u00e1 reservada. <\/p>\n<p>[\/et_pb_accordion_item][et_pb_accordion_item title=\u00bb\u00bfQu\u00e9 pasa si el cliente cancela?\u00bb _builder_version=\u00bb4.26.1&#8243; _module_preset=\u00bbdefault\u00bb global_colors_info=\u00bb{}\u00bb open=\u00bboff\u00bb]<\/p>\n<p>\u00a1Esperamos que nadie tenga que cancelar un pedido! Si ocurre: para cancelaciones con m\u00e1s de 5 d\u00edas de anticipaci\u00f3n, el dep\u00f3sito del 20% se pierde. Para cancelaciones con menos de 5 d\u00edas de anticipaci\u00f3n, se aplica una tarifa de cancelaci\u00f3n del 50%.  <\/p>\n<p>[\/et_pb_accordion_item][et_pb_accordion_item title=\u00bb\u00bfQu\u00e9 m\u00e9todos de pago se aceptan?\u00bb _builder_version=\u00bb4.26.1&#8243; _module_preset=\u00bbdefault\u00bb global_colors_info=\u00bb{}\u00bb open=\u00bboff\u00bb]<\/p>\n<p>Solicitamos que el dep\u00f3sito se realice mediante transferencia bancaria o Bizum. El saldo restante se paga despu\u00e9s de la cena en efectivo o por adelantado mediante transferencia bancaria. <\/p>\n<p>[\/et_pb_accordion_item][\/et_pb_accordion][\/et_pb_column][\/et_pb_row][\/et_pb_section]<\/p>\n","protected":false},"excerpt":{"rendered":"<p>Precios de servicios de chef privado en TenerifeDescripci\u00f3nYa sea una cena a la luz de las velas para dos, una velada con amigos, una celebraci\u00f3n familiar o simplemente deseas darte un capricho durante tus vacaciones, \u00a1soy tu chef personal! Cocino en tu finca, alojamiento de vacaciones o en tu hogar y llevo el buen gusto [&hellip;]<\/p>\n","protected":false},"author":2,"featured_media":0,"parent":0,"menu_order":0,"comment_status":"closed","ping_status":"closed","template":"","meta":{"_et_pb_use_builder":"on","_et_pb_old_content":"","_et_gb_content_width":"","footnotes":""},"class_list":["post-987501170","page","type-page","status-publish","hentry"],"yoast_head":"<!-- This site is optimized with the Yoast SEO plugin v27.4 - https:\/\/yoast.com\/product\/yoast-seo-wordpress\/ -->\n<title>Precios y Preguntas Frecuentes - Private Chef Tenerife<\/title>\n<meta name=\"robots\" content=\"index, follow, max-snippet:-1, max-image-preview:large, max-video-preview:-1\" \/>\n<link rel=\"canonical\" href=\"https:\/\/privatechef-tenerife.com\/es\/precios-y-preguntas-frecuentes\/\" \/>\n<meta property=\"og:locale\" content=\"es_ES\" \/>\n<meta property=\"og:type\" content=\"article\" \/>\n<meta property=\"og:title\" content=\"Precios y Preguntas Frecuentes - Private Chef Tenerife\" \/>\n<meta property=\"og:description\" content=\"Precios de servicios de chef privado en TenerifeDescripci\u00f3nYa sea una cena a la luz de las velas para dos, una velada con amigos, una celebraci\u00f3n familiar o simplemente deseas darte un capricho durante tus vacaciones, \u00a1soy tu chef personal! Cocino en tu finca, alojamiento de vacaciones o en tu hogar y llevo el buen gusto [&hellip;]\" \/>\n<meta property=\"og:url\" content=\"https:\/\/privatechef-tenerife.com\/es\/precios-y-preguntas-frecuentes\/\" \/>\n<meta property=\"og:site_name\" content=\"Private Chef Tenerife\" \/>\n<meta property=\"article:publisher\" content=\"https:\/\/www.facebook.com\/profile.php?id=61556458166663\" \/>\n<meta property=\"article:modified_time\" content=\"2026-03-06T12:50:30+00:00\" \/>\n<meta name=\"twitter:card\" content=\"summary_large_image\" \/>\n<meta name=\"twitter:label1\" content=\"Tiempo de lectura\" \/>\n\t<meta name=\"twitter:data1\" content=\"9 minutos\" \/>\n<script type=\"application\/ld+json\" class=\"yoast-schema-graph\">{\"@context\":\"https:\\\/\\\/schema.org\",\"@graph\":[{\"@type\":\"WebPage\",\"@id\":\"https:\\\/\\\/privatechef-tenerife.com\\\/es\\\/precios-y-preguntas-frecuentes\\\/\",\"url\":\"https:\\\/\\\/privatechef-tenerife.com\\\/es\\\/precios-y-preguntas-frecuentes\\\/\",\"name\":\"Precios y Preguntas Frecuentes - Private Chef Tenerife\",\"isPartOf\":{\"@id\":\"https:\\\/\\\/privatechef-tenerife.com\\\/es\\\/#website\"},\"datePublished\":\"2024-07-17T13:01:31+00:00\",\"dateModified\":\"2026-03-06T12:50:30+00:00\",\"breadcrumb\":{\"@id\":\"https:\\\/\\\/privatechef-tenerife.com\\\/es\\\/precios-y-preguntas-frecuentes\\\/#breadcrumb\"},\"inLanguage\":\"es\",\"potentialAction\":[{\"@type\":\"ReadAction\",\"target\":[\"https:\\\/\\\/privatechef-tenerife.com\\\/es\\\/precios-y-preguntas-frecuentes\\\/\"]}]},{\"@type\":\"BreadcrumbList\",\"@id\":\"https:\\\/\\\/privatechef-tenerife.com\\\/es\\\/precios-y-preguntas-frecuentes\\\/#breadcrumb\",\"itemListElement\":[{\"@type\":\"ListItem\",\"position\":1,\"name\":\"Home\",\"item\":\"https:\\\/\\\/privatechef-tenerife.com\\\/es\\\/\"},{\"@type\":\"ListItem\",\"position\":2,\"name\":\"Precios y Preguntas Frecuentes\"}]},{\"@type\":\"WebSite\",\"@id\":\"https:\\\/\\\/privatechef-tenerife.com\\\/es\\\/#website\",\"url\":\"https:\\\/\\\/privatechef-tenerife.com\\\/es\\\/\",\"name\":\"Private Chef Tenerife\",\"description\":\"Meet and eat events in Tenerife\",\"publisher\":{\"@id\":\"https:\\\/\\\/privatechef-tenerife.com\\\/es\\\/#organization\"},\"potentialAction\":[{\"@type\":\"SearchAction\",\"target\":{\"@type\":\"EntryPoint\",\"urlTemplate\":\"https:\\\/\\\/privatechef-tenerife.com\\\/es\\\/?s={search_term_string}\"},\"query-input\":{\"@type\":\"PropertyValueSpecification\",\"valueRequired\":true,\"valueName\":\"search_term_string\"}}],\"inLanguage\":\"es\"},{\"@type\":\"Organization\",\"@id\":\"https:\\\/\\\/privatechef-tenerife.com\\\/es\\\/#organization\",\"name\":\"Private Chef Tenerife\",\"url\":\"https:\\\/\\\/privatechef-tenerife.com\\\/es\\\/\",\"logo\":{\"@type\":\"ImageObject\",\"inLanguage\":\"es\",\"@id\":\"https:\\\/\\\/privatechef-tenerife.com\\\/es\\\/#\\\/schema\\\/logo\\\/image\\\/\",\"url\":\"https:\\\/\\\/privatechef-tenerife.com\\\/wp-content\\\/uploads\\\/2024\\\/07\\\/Logo.png\",\"contentUrl\":\"https:\\\/\\\/privatechef-tenerife.com\\\/wp-content\\\/uploads\\\/2024\\\/07\\\/Logo.png\",\"width\":800,\"height\":501,\"caption\":\"Private Chef Tenerife\"},\"image\":{\"@id\":\"https:\\\/\\\/privatechef-tenerife.com\\\/es\\\/#\\\/schema\\\/logo\\\/image\\\/\"},\"sameAs\":[\"https:\\\/\\\/www.facebook.com\\\/profile.php?id=61556458166663\",\"https:\\\/\\\/www.instagram.com\\\/privatechef_tenerife?igsh=d2FpbWY1cTJ5cGYz\"]}]}<\/script>\n<!-- \/ Yoast SEO plugin. -->","yoast_head_json":{"title":"Precios y Preguntas Frecuentes - Private Chef Tenerife","robots":{"index":"index","follow":"follow","max-snippet":"max-snippet:-1","max-image-preview":"max-image-preview:large","max-video-preview":"max-video-preview:-1"},"canonical":"https:\/\/privatechef-tenerife.com\/es\/precios-y-preguntas-frecuentes\/","og_locale":"es_ES","og_type":"article","og_title":"Precios y Preguntas Frecuentes - Private Chef Tenerife","og_description":"Precios de servicios de chef privado en TenerifeDescripci\u00f3nYa sea una cena a la luz de las velas para dos, una velada con amigos, una celebraci\u00f3n familiar o simplemente deseas darte un capricho durante tus vacaciones, \u00a1soy tu chef personal! Cocino en tu finca, alojamiento de vacaciones o en tu hogar y llevo el buen gusto [&hellip;]","og_url":"https:\/\/privatechef-tenerife.com\/es\/precios-y-preguntas-frecuentes\/","og_site_name":"Private Chef Tenerife","article_publisher":"https:\/\/www.facebook.com\/profile.php?id=61556458166663","article_modified_time":"2026-03-06T12:50:30+00:00","twitter_card":"summary_large_image","twitter_misc":{"Tiempo de lectura":"9 minutos"},"schema":{"@context":"https:\/\/schema.org","@graph":[{"@type":"WebPage","@id":"https:\/\/privatechef-tenerife.com\/es\/precios-y-preguntas-frecuentes\/","url":"https:\/\/privatechef-tenerife.com\/es\/precios-y-preguntas-frecuentes\/","name":"Precios y Preguntas Frecuentes - Private Chef Tenerife","isPartOf":{"@id":"https:\/\/privatechef-tenerife.com\/es\/#website"},"datePublished":"2024-07-17T13:01:31+00:00","dateModified":"2026-03-06T12:50:30+00:00","breadcrumb":{"@id":"https:\/\/privatechef-tenerife.com\/es\/precios-y-preguntas-frecuentes\/#breadcrumb"},"inLanguage":"es","potentialAction":[{"@type":"ReadAction","target":["https:\/\/privatechef-tenerife.com\/es\/precios-y-preguntas-frecuentes\/"]}]},{"@type":"BreadcrumbList","@id":"https:\/\/privatechef-tenerife.com\/es\/precios-y-preguntas-frecuentes\/#breadcrumb","itemListElement":[{"@type":"ListItem","position":1,"name":"Home","item":"https:\/\/privatechef-tenerife.com\/es\/"},{"@type":"ListItem","position":2,"name":"Precios y Preguntas Frecuentes"}]},{"@type":"WebSite","@id":"https:\/\/privatechef-tenerife.com\/es\/#website","url":"https:\/\/privatechef-tenerife.com\/es\/","name":"Private Chef Tenerife","description":"Meet and eat events in Tenerife","publisher":{"@id":"https:\/\/privatechef-tenerife.com\/es\/#organization"},"potentialAction":[{"@type":"SearchAction","target":{"@type":"EntryPoint","urlTemplate":"https:\/\/privatechef-tenerife.com\/es\/?s={search_term_string}"},"query-input":{"@type":"PropertyValueSpecification","valueRequired":true,"valueName":"search_term_string"}}],"inLanguage":"es"},{"@type":"Organization","@id":"https:\/\/privatechef-tenerife.com\/es\/#organization","name":"Private Chef Tenerife","url":"https:\/\/privatechef-tenerife.com\/es\/","logo":{"@type":"ImageObject","inLanguage":"es","@id":"https:\/\/privatechef-tenerife.com\/es\/#\/schema\/logo\/image\/","url":"https:\/\/privatechef-tenerife.com\/wp-content\/uploads\/2024\/07\/Logo.png","contentUrl":"https:\/\/privatechef-tenerife.com\/wp-content\/uploads\/2024\/07\/Logo.png","width":800,"height":501,"caption":"Private Chef Tenerife"},"image":{"@id":"https:\/\/privatechef-tenerife.com\/es\/#\/schema\/logo\/image\/"},"sameAs":["https:\/\/www.facebook.com\/profile.php?id=61556458166663","https:\/\/www.instagram.com\/privatechef_tenerife?igsh=d2FpbWY1cTJ5cGYz"]}]}},"_links":{"self":[{"href":"https:\/\/privatechef-tenerife.com\/es\/wp-json\/wp\/v2\/pages\/987501170","targetHints":{"allow":["GET"]}}],"collection":[{"href":"https:\/\/privatechef-tenerife.com\/es\/wp-json\/wp\/v2\/pages"}],"about":[{"href":"https:\/\/privatechef-tenerife.com\/es\/wp-json\/wp\/v2\/types\/page"}],"author":[{"embeddable":true,"href":"https:\/\/privatechef-tenerife.com\/es\/wp-json\/wp\/v2\/users\/2"}],"replies":[{"embeddable":true,"href":"https:\/\/privatechef-tenerife.com\/es\/wp-json\/wp\/v2\/comments?post=987501170"}],"version-history":[{"count":12,"href":"https:\/\/privatechef-tenerife.com\/es\/wp-json\/wp\/v2\/pages\/987501170\/revisions"}],"predecessor-version":[{"id":987502244,"href":"https:\/\/privatechef-tenerife.com\/es\/wp-json\/wp\/v2\/pages\/987501170\/revisions\/987502244"}],"wp:attachment":[{"href":"https:\/\/privatechef-tenerife.com\/es\/wp-json\/wp\/v2\/media?parent=987501170"}],"curies":[{"name":"wp","href":"https:\/\/api.w.org\/{rel}","templated":true}]}}